{"id":49,"date":"2015-10-04T12:52:21","date_gmt":"2015-10-04T12:52:21","guid":{"rendered":"http:\/\/skiclub-rielasingen.de\/wordpress_d\/?page_id=49"},"modified":"2025-10-06T17:16:21","modified_gmt":"2025-10-06T15:16:21","slug":"skiflohmarkt-2015","status":"publish","type":"page","link":"https:\/\/skiclub-rielasingen.de\/wordpress_d\/?page_id=49","title":{"rendered":"Brettlemarkt"},"content":{"rendered":"<div id=\"pl-49\"  class=\"panel-layout\" ><div id=\"pg-49-0\"  class=\"panel-grid panel-no-style\" ><div id=\"pgc-49-0-0\"  class=\"panel-grid-cell\" ><div id=\"panel-49-0-0-0\" class=\"so-panel widget widget_text panel-first-child panel-last-child\" data-index=\"0\" ><h3 class=\"widget-title\">Brettlemarkt 2025 in der Hardberghalle<\/h3>\t\t\t<div class=\"textwidget\">Auch dieses Jahr findet der beliebte \u201eBrettlemarkt\u201c des Skiclubs Rielasingen wieder statt - der Basar f\u00fcr hochwertige gebrauchte Wintersportartikel. <br>\n<br>\nTermin f\u00fcr den <strong>Verkauf: <\/strong>Samstag, 15. November 2025, 13:00 bis 14:30 Uhr<br>\n<strong>Annahme:<\/strong> Samstag, 15. November 2025, 10:00 - 12:00 Uhr<br>\n<strong>Ort:<\/strong> Hardberghalle - am Burgstall 11, Rielasingen-Worblingen<br>\n<br>\nDer Brettlemarkt bietet eine ausgezeichnete M\u00f6glichkeit um nicht mehr ben\u00f6tigte Alpin-Ski, Langlauf-Ski, Snowboards, gut erhaltene Winterbekleidung, Skischuhe, Helme und Zubeh\u00f6r zu verkaufen oder sich mit hochwertigen gebrauchten Artikeln f\u00fcr den Schnee auszustatten.\nDas Skilehrer-Team bietet fachliche Beratung an. Die <strong>Annahmegeb\u00fchr betr\u00e4gt 1 \u20ac pro Artikel<\/strong>. Der Skiclub Rielasingen erh\u00e4lt 10% des Verkaufserl\u00f6ses. Nicht abgeholte Verkaufserl\u00f6se fallen dem Skiclub Rielasingen als Spende zu.<br>\n<strong>Auszahlung der Verkaufserl\u00f6se bzw. Warenr\u00fcckgabe<\/strong> ist am Samstag von 15:00 - 16:00 Uhr.<br>\n\n<br>\nFalls Sie noch weitere Fragen haben, dann wenden Sie sich per E-Mail gerne an unseren <a href=\"mailto:Sportwart@skiclub-rielasingen.de\">Sportwart<\/a> \ufffc.<br>\n<br>\nDas Team des Skiclubs Rielasingen freut sich auf Ihren Besuch!\n\n<\/div>\n\t\t<\/div><\/div><div id=\"pgc-49-0-1\"  class=\"panel-grid-cell\" ><div id=\"panel-49-0-1-0\" class=\"so-panel widget widget_sow-image panel-first-child panel-last-child\" data-index=\"1\" ><div\n\t\t\t\n\t\t\tclass=\"so-widget-sow-image so-widget-sow-image-default-8b5b6f678277-49\"\n\t\t\t\n\t\t>\n<div class=\"sow-image-container\">\n\t\t<img \n\tsrc=\"https:\/\/skiclub-rielasingen.de\/wordpress_d\/wp-content\/uploads\/2025\/10\/IMG_2769-768x1024.jpeg\" width=\"768\" height=\"1024\" srcset=\"https:\/\/skiclub-rielasingen.de\/wordpress_d\/wp-content\/uploads\/2025\/10\/IMG_2769-768x1024.jpeg 768w, https:\/\/skiclub-rielasingen.de\/wordpress_d\/wp-content\/uploads\/2025\/10\/IMG_2769-225x300.jpeg 225w, https:\/\/skiclub-rielasingen.de\/wordpress_d\/wp-content\/uploads\/2025\/10\/IMG_2769-1152x1536.jpeg 1152w, https:\/\/skiclub-rielasingen.de\/wordpress_d\/wp-content\/uploads\/2025\/10\/IMG_2769.jpeg 1536w\" sizes=\"(max-width: 768px) 100vw, 768px\" alt=\"\" \t\tclass=\"so-widget-image\"\/>\n\t<\/div>\n\n<\/div><\/div><\/div><\/div><\/div>","protected":false},"excerpt":{"rendered":"<p>Auch dieses Jahr findet der beliebte \u201eBrettlemarkt\u201c des Skiclubs Rielasingen wieder statt &#8211; der Basar f\u00fcr hochwertige gebrauchte Wintersportartikel. Termin f\u00fcr den Verkauf: Samstag, 15. November 2025, 13:00 bis 14:30 Uhr Annahme: Samstag, 15. November 2025, 10:00 &#8211; 12:00 Uhr Ort: Hardberghalle &#8211; am Burgstall 11, Rielasingen-Worblingen Der Brettlemarkt bietet eine ausgezeichnete M\u00f6glichkeit um nicht&hellip;<\/p>\n","protected":false},"author":2,"featured_media":0,"parent":0,"menu_order":2,"comment_status":"closed","ping_status":"closed","template":"","meta":{"footnotes":""},"class_list":["post-49","page","type-page","status-publish","hentry"],"_links":{"self":[{"href":"https:\/\/skiclub-rielasingen.de\/wordpress_d\/index.php?rest_route=\/wp\/v2\/pages\/49","targetHints":{"allow":["GET"]}}],"collection":[{"href":"https:\/\/skiclub-rielasingen.de\/wordpress_d\/index.php?rest_route=\/wp\/v2\/pages"}],"about":[{"href":"https:\/\/skiclub-rielasingen.de\/wordpress_d\/index.php?rest_route=\/wp\/v2\/types\/page"}],"author":[{"embeddable":true,"href":"https:\/\/skiclub-rielasingen.de\/wordpress_d\/index.php?rest_route=\/wp\/v2\/users\/2"}],"replies":[{"embeddable":true,"href":"https:\/\/skiclub-rielasingen.de\/wordpress_d\/index.php?rest_route=%2Fwp%2Fv2%2Fcomments&post=49"}],"version-history":[{"count":36,"href":"https:\/\/skiclub-rielasingen.de\/wordpress_d\/index.php?rest_route=\/wp\/v2\/pages\/49\/revisions"}],"predecessor-version":[{"id":801,"href":"https:\/\/skiclub-rielasingen.de\/wordpress_d\/index.php?rest_route=\/wp\/v2\/pages\/49\/revisions\/801"}],"wp:attachment":[{"href":"https:\/\/skiclub-rielasingen.de\/wordpress_d\/index.php?rest_route=%2Fwp%2Fv2%2Fmedia&parent=49"}],"curies":[{"name":"wp","href":"https:\/\/api.w.org\/{rel}","templated":true}]}}