{"id":38,"date":"2015-10-04T12:39:58","date_gmt":"2015-10-04T12:39:58","guid":{"rendered":"http:\/\/skiclub-rielasingen.de\/wordpress_d\/?page_id=38"},"modified":"2025-10-06T17:24:25","modified_gmt":"2025-10-06T15:24:25","slug":"skikurse","status":"publish","type":"page","link":"https:\/\/skiclub-rielasingen.de\/wordpress_d\/?page_id=38","title":{"rendered":"Skikurse"},"content":{"rendered":"<div id=\"pl-38\"  class=\"panel-layout\" ><div id=\"pg-38-0\"  class=\"panel-grid panel-no-style\" ><div id=\"pgc-38-0-0\"  class=\"panel-grid-cell\" ><div id=\"panel-38-0-0-0\" class=\"so-panel widget widget_text panel-first-child panel-last-child\" data-index=\"0\" ><h3 class=\"widget-title\">Skikurse<\/h3>\t\t\t<div class=\"textwidget\">Jedes Jahr bieten wir Ski- und Snowboardkurse f\u00fcr Anf\u00e4nger und Fortgeschrittene von Jung bis Alt an. Dazu fahren wir an 5 Samstagen am Anfang des Jahres ins Obertoggenburg in der Schweiz. <br>\nBei Fragen zu den Skikursen wenden Sie sich gerne per E-Mail an: <a href=\"mailto:Skischule@skiclub-rielasingen.de\">Skischule@skiclub-rielasingen.de<\/a> <br>\n<br>\n\n<!--\n<strong>Der Startschuss f\u00fcr die diesj\u00e4hrige Schneesaison ist gefallen.<\/strong> <br>\nDas Skilehrerteam begann wie jedes Jahr die neue Saison im Stubai.<br>\nVom 8.-10. Dezember fand erfolgreich die Ausbildung der Skilehrer auf dem Stubaier Gletscher statt. Vom Landesskilehrer wurde erneut das hervorragende Niveau der SkilehrerInnen best\u00e4tigt. <br>\n-->\n\n<br>\nWir freuen uns immer \u00fcber Verst\u00e4rkung f\u00fcr unser Team. Wer Interesse daran hat sein K\u00f6nnen auf Ski oder Snowboard \u00fcber Die Kurstage hinaus zu verbessern, Spa\u00df in der Gruppe hat und sich vorstellen kann Ski- oder Snowboardkurse zu geben, kann sich gerne bei Sandra als Aspirant*in melden. Die Ausbildung zum DSV Ski-\/Snowboardlehrer bringt viele Vorteile wie: Laufende DSV Kurse und Schulungen; satte Rabatte auf die Liftkarten vieler Skigebiete wie zB 35% auf die Liftkarten auf dem Stubaier Gletscher; g\u00fcnstiger Skianzug durch den Verein gef\u00f6rdert und vieles mehr.<br>\nFalls Ihr Lust habt oder wenn ihr jemanden kennt, der Interesse hat, bei uns mitzumachen, dann meldet Euch einfach bei uns. Wir freuen uns schon jetzt auf dich\/euch.<br>\n<br>\n<!-- \nDas Skigebiet Unterwasser bietet ein in den Alpen einmaliges Skivergn\u00fcgen mit Blick auf einen der sch\u00f6nsten Berge der Alpen - den S\u00e4ntis. Die Ch\u00e4serrugg Bergbahnen haben in eine brandneue Gondelbahn investiert und auf dem Gipfel des Ch\u00e4serrugg ist das neue Gipfelrestaurant vom Stararchitekturb\u00fcro Herzog & de Meuron entstanden. Die Wintersportler erwartet ein Skigebiet mit rund 60 km bestens pr\u00e4parierten Pisten - nur etwa eine Autostunde vom Bodensee entfernt.<br>\n<br>\n\u00dcber den Skiclub Rielasingen k\u00f6nnen Sie bald wieder stark verg\u00fcnstigte Liftkarten erwerben. Diese sind ausschlie\u00dflich an der Kasse der Sparkasse in Rielasingen erh\u00e4ltlich.\n<br>\n\n<table>\n<tbody>\n<tr>\n<td><strong>Preise<\/strong> (Tagesskipass)<\/td>\n<td><\/td>\n<\/tr>\n<tr>\n<td><strong>Erwachsene<\/strong> ab 20 Jahre<\/td>\n<td>45 CHF<\/td>\n<\/tr>\n<tr>\n<td><strong>Jugendliche<\/strong> 16-19 Jahre<\/td>\n<td>39 CHF<\/td>\n<\/tr>\n<tr>\n<td><strong>Junior<\/strong> 12-15 Jahre<\/td>\n<td>25 CHF<\/td>\n<\/tr>\n<tr>\n<td><strong>Kinder<\/strong> 6-11 Jahre<\/td>\n<td>24 CHF<\/td>\n<\/tr>\n<\/tbody>\n<\/table>\nAlle Angaben f\u00fcr die Saison 2019\/20 und ohne Gew\u00e4hr.\n\nDie Liftkartenpreise werden wir hier ver\u00f6ffentlichen, sobald sie f\u00fcr die Saison 2020\/21 bekannt sind. --><\/div>\n\t\t<\/div><\/div><div id=\"pgc-38-0-1\"  class=\"panel-grid-cell\" ><div id=\"panel-38-0-1-0\" class=\"so-panel widget widget_sow-image panel-first-child\" data-index=\"1\" ><div\n\t\t\t\n\t\t\tclass=\"so-widget-sow-image so-widget-sow-image-default-8b5b6f678277-38\"\n\t\t\t\n\t\t>\n<div class=\"sow-image-container\">\n\t\t<img \n\tsrc=\"https:\/\/skiclub-rielasingen.de\/wordpress_d\/wp-content\/uploads\/2022\/12\/Bild-Stubai-2022.jpg\" width=\"821\" height=\"614\" srcset=\"https:\/\/skiclub-rielasingen.de\/wordpress_d\/wp-content\/uploads\/2022\/12\/Bild-Stubai-2022.jpg 1024w, https:\/\/skiclub-rielasingen.de\/wordpress_d\/wp-content\/uploads\/2022\/12\/Bild-Stubai-2022-300x224.jpg 300w, https:\/\/skiclub-rielasingen.de\/wordpress_d\/wp-content\/uploads\/2022\/12\/Bild-Stubai-2022-768x575.jpg 768w\" sizes=\"(max-width: 821px) 100vw, 821px\" title=\"Bild Stubai 2022\" alt=\"\" \t\tclass=\"so-widget-image\"\/>\n\t<\/div>\n\n<\/div><\/div><div id=\"panel-38-0-1-1\" class=\"so-panel widget widget_sow-image panel-last-child\" data-index=\"2\" ><div\n\t\t\t\n\t\t\tclass=\"so-widget-sow-image so-widget-sow-image-default-8b5b6f678277-38\"\n\t\t\t\n\t\t>\n<div class=\"sow-image-container\">\n\t\t<img \n\tsrc=\"https:\/\/skiclub-rielasingen.de\/wordpress_d\/wp-content\/uploads\/2025\/10\/Kurs-1024x768.jpg\" width=\"821\" height=\"616\" srcset=\"https:\/\/skiclub-rielasingen.de\/wordpress_d\/wp-content\/uploads\/2025\/10\/Kurs-1024x768.jpg 1024w, https:\/\/skiclub-rielasingen.de\/wordpress_d\/wp-content\/uploads\/2025\/10\/Kurs-300x225.jpg 300w, https:\/\/skiclub-rielasingen.de\/wordpress_d\/wp-content\/uploads\/2025\/10\/Kurs-768x576.jpg 768w, https:\/\/skiclub-rielasingen.de\/wordpress_d\/wp-content\/uploads\/2025\/10\/Kurs-1536x1152.jpg 1536w, https:\/\/skiclub-rielasingen.de\/wordpress_d\/wp-content\/uploads\/2025\/10\/Kurs-2048x1536.jpg 2048w\" sizes=\"(max-width: 821px) 100vw, 821px\" title=\"Kurs\" alt=\"\" \t\tclass=\"so-widget-image\"\/>\n\t<\/div>\n\n<\/div><\/div><\/div><\/div><div id=\"pg-38-1\"  class=\"panel-grid panel-no-style\" ><div id=\"pgc-38-1-0\"  class=\"panel-grid-cell\" ><div id=\"panel-38-1-0-0\" class=\"so-panel widget widget_text panel-first-child panel-last-child\" data-index=\"3\" ><h3 class=\"widget-title\">Online Anmeldung<\/h3>\t\t\t<div class=\"textwidget\">Die <strong>Anmeldung<\/strong> f\u00fcr die Skikurse startet jedes Jahr am Skiflohmarkt und ist dann auf dieser Seite zug\u00e4nglich. <strong> Die Online-Anmeldung f\u00fcr die Kurse startet kurz danach. <\/strong>\nWenn Sie sich zum Newsletter anmelden, halten wir Sie immer auf dem Laufenden.\n<br>\n<table border=0px>\n<tbody>\n<tr>\n<td><strong><a href=\"http:\/\/skiclub-rielasingen.de\/wordpress_d\/?page_id=74\">Anmeldung Skikurs<\/a><\/strong><\/td><td><strong>Die Anmeldung f\u00fcr die neue Saison startet am 15.11.2025!<\/strong><\/td>\n<\/tr>\n<tr>\n<td><strong><a href=\"http:\/\/skiclub-rielasingen.de\/wordpress_d\/?page_id=85\">Anmeldung Snowboardkurs<\/a><\/strong><\/td><td><strong>Die Anmeldung f\u00fcr die neue Saison startet am 15.11.2025!<\/strong><\/td>\n<\/tr>\n<\/tbody>\n<\/table>\n\n<br>\nDie Anzahl der Pl\u00e4tze pro Kurs ist begrenzt. Hierf\u00fcr z\u00e4hlt der Eingang der Anmeldungen.<br>\nSie bekommen eine gesonderte Best\u00e4tigung f\u00fcr die Kurszusage geschickt. <\/div>\n\t\t<\/div><\/div><\/div><\/div>","protected":false},"excerpt":{"rendered":"<p>Jedes Jahr bieten wir Ski- und Snowboardkurse f\u00fcr Anf\u00e4nger und Fortgeschrittene von Jung bis Alt an. Dazu fahren wir an 5 Samstagen am Anfang des Jahres ins Obertoggenburg in der Schweiz. Bei Fragen zu den Skikursen wenden Sie sich gerne per E-Mail an: Skischule@skiclub-rielasingen.de Wir freuen uns immer \u00fcber Verst\u00e4rkung f\u00fcr unser Team. Wer Interesse&hellip;<\/p>\n","protected":false},"author":2,"featured_media":0,"parent":0,"menu_order":3,"comment_status":"closed","ping_status":"closed","template":"","meta":{"footnotes":""},"class_list":["post-38","page","type-page","status-publish","hentry"],"_links":{"self":[{"href":"https:\/\/skiclub-rielasingen.de\/wordpress_d\/index.php?rest_route=\/wp\/v2\/pages\/38","targetHints":{"allow":["GET"]}}],"collection":[{"href":"https:\/\/skiclub-rielasingen.de\/wordpress_d\/index.php?rest_route=\/wp\/v2\/pages"}],"about":[{"href":"https:\/\/skiclub-rielasingen.de\/wordpress_d\/index.php?rest_route=\/wp\/v2\/types\/page"}],"author":[{"embeddable":true,"href":"https:\/\/skiclub-rielasingen.de\/wordpress_d\/index.php?rest_route=\/wp\/v2\/users\/2"}],"replies":[{"embeddable":true,"href":"https:\/\/skiclub-rielasingen.de\/wordpress_d\/index.php?rest_route=%2Fwp%2Fv2%2Fcomments&post=38"}],"version-history":[{"count":78,"href":"https:\/\/skiclub-rielasingen.de\/wordpress_d\/index.php?rest_route=\/wp\/v2\/pages\/38\/revisions"}],"predecessor-version":[{"id":806,"href":"https:\/\/skiclub-rielasingen.de\/wordpress_d\/index.php?rest_route=\/wp\/v2\/pages\/38\/revisions\/806"}],"wp:attachment":[{"href":"https:\/\/skiclub-rielasingen.de\/wordpress_d\/index.php?rest_route=%2Fwp%2Fv2%2Fmedia&parent=38"}],"curies":[{"name":"wp","href":"https:\/\/api.w.org\/{rel}","templated":true}]}}