{"id":332,"date":"2018-10-21T19:40:17","date_gmt":"2018-10-21T17:40:17","guid":{"rendered":"http:\/\/skiclub-rielasingen.de\/wordpress_d\/?page_id=332"},"modified":"2025-12-11T14:45:35","modified_gmt":"2025-12-11T13:45:35","slug":"huettenwochenende","status":"publish","type":"page","link":"https:\/\/skiclub-rielasingen.de\/wordpress_d\/?page_id=332","title":{"rendered":"H\u00fcttenwochenende"},"content":{"rendered":"<div id=\"pl-332\"  class=\"panel-layout\" ><div id=\"pg-332-0\"  class=\"panel-grid panel-no-style\" ><div id=\"pgc-332-0-0\"  class=\"panel-grid-cell\" ><div id=\"panel-332-0-0-0\" class=\"so-panel widget widget_text panel-first-child panel-last-child\" data-index=\"0\" ><h3 class=\"widget-title\">Skih\u00fctten-Wochenende in Wildhaus<\/h3>\t\t\t<div class=\"textwidget\"><p>Der Skiclub Rielasingen e. V. l\u00e4dt ein zum Skih\u00fctten-Wochenende ins Ferienhaus \u201eH\u00f6he\u201c in Wildhaus (Toggenburg\/Schweiz).<\/p>\n<p><b>Termin: 23. &#8211; 25. Januar 2026<\/b><\/p>\n<p>Anreise am 23.01. abends, Abreisetag 25.01. &#8211; R\u00e4umung der Zimmer am Abreisetag nach dem gemeinsamen Fr\u00fchst\u00fcck und der gemeinsamen Reinigung um ca. 8:30 Uhr (Fr\u00fchst\u00fcck um 7 Uhr)<\/p>\n<p>Preise pro Person: Erwachsene und Kinder ab 16 Jahre 85 Euro, Kinder 5 &#8211; 16 Jahre 60 \u20ac, Kinder unter 5 Jahre 50 Euro. Alle Preise inkl. Halbpension, Getr\u00e4nke zum Selbstkostenpreis (Verpflegung durch Skiclub).<span class=\"Apple-converted-space\">\u00a0<\/span><\/p>\n<p>Das Ferienhaus verf\u00fcgt \u00fcber vier 2er-Zimmer, vier 4er-Zimmer, ein 5er-Zimmer, ein 7er-Zimmer und somit \u00fcber 36 Schlafpl\u00e4tze. Die Bergbahnen sind ca. 10 Gehminuten entfernt, k\u00f6nnen aber dank der neben dem Haus verlaufenden Piste mit den Skiern erreicht werden.<\/p>\n<p>Wichtig: Die Skikarten besorgt jeder Teilnehmer selbst.<\/p>\n<p><b>Seien Sie mit Ihren Kindern mit dabei an diesem Wochenende voller Spa\u00df, Action, Ski- und Snowboardfahren!<span class=\"Apple-converted-space\">\u00a0 <\/span><\/b>Weitere Ausk\u00fcnfte erhalten Sie bei unserem 2. Vorstand, Markus Gr\u00e4ble, E-Mail: 2.vorstand@skiclub-rielasingen.de<\/p>\n<\/div>\n\t\t<\/div><\/div><div id=\"pgc-332-0-1\"  class=\"panel-grid-cell\" ><div id=\"panel-332-0-1-0\" class=\"so-panel widget widget_sow-image panel-first-child panel-last-child\" data-index=\"1\" ><div\n\t\t\t\n\t\t\tclass=\"so-widget-sow-image so-widget-sow-image-default-8b5b6f678277-332\"\n\t\t\t\n\t\t>\n<div class=\"sow-image-container\">\n\t\t<img \n\tsrc=\"https:\/\/skiclub-rielasingen.de\/wordpress_d\/wp-content\/uploads\/2018\/10\/FH-H\u00f6chi-S\u00fcdansicht-2-300x225.jpeg\" width=\"300\" height=\"225\" srcset=\"https:\/\/skiclub-rielasingen.de\/wordpress_d\/wp-content\/uploads\/2018\/10\/FH-H\u00f6chi-S\u00fcdansicht-2-300x225.jpeg 300w, https:\/\/skiclub-rielasingen.de\/wordpress_d\/wp-content\/uploads\/2018\/10\/FH-H\u00f6chi-S\u00fcdansicht-2.jpeg 640w\" sizes=\"(max-width: 300px) 100vw, 300px\" title=\"FH H\u00f6chi S\u00fcdansicht (2)\" alt=\"\" \t\tclass=\"so-widget-image\"\/>\n\t<\/div>\n\n<\/div><\/div><\/div><\/div><\/div>","protected":false},"excerpt":{"rendered":"<p>Der Skiclub Rielasingen e. V. l\u00e4dt ein zum Skih\u00fctten-Wochenende ins Ferienhaus \u201eH\u00f6he\u201c in Wildhaus (Toggenburg\/Schweiz). Termin: 23. &#8211; 25. Januar 2026 Anreise am 23.01. abends, Abreisetag 25.01. &#8211; R\u00e4umung der Zimmer am Abreisetag nach dem gemeinsamen Fr\u00fchst\u00fcck und der gemeinsamen Reinigung um ca. 8:30 Uhr (Fr\u00fchst\u00fcck um 7 Uhr) Preise pro Person: Erwachsene und Kinder&hellip;<\/p>\n","protected":false},"author":2,"featured_media":0,"parent":0,"menu_order":4,"comment_status":"closed","ping_status":"closed","template":"","meta":{"footnotes":""},"class_list":["post-332","page","type-page","status-publish","hentry"],"_links":{"self":[{"href":"https:\/\/skiclub-rielasingen.de\/wordpress_d\/index.php?rest_route=\/wp\/v2\/pages\/332","targetHints":{"allow":["GET"]}}],"collection":[{"href":"https:\/\/skiclub-rielasingen.de\/wordpress_d\/index.php?rest_route=\/wp\/v2\/pages"}],"about":[{"href":"https:\/\/skiclub-rielasingen.de\/wordpress_d\/index.php?rest_route=\/wp\/v2\/types\/page"}],"author":[{"embeddable":true,"href":"https:\/\/skiclub-rielasingen.de\/wordpress_d\/index.php?rest_route=\/wp\/v2\/users\/2"}],"replies":[{"embeddable":true,"href":"https:\/\/skiclub-rielasingen.de\/wordpress_d\/index.php?rest_route=%2Fwp%2Fv2%2Fcomments&post=332"}],"version-history":[{"count":24,"href":"https:\/\/skiclub-rielasingen.de\/wordpress_d\/index.php?rest_route=\/wp\/v2\/pages\/332\/revisions"}],"predecessor-version":[{"id":818,"href":"https:\/\/skiclub-rielasingen.de\/wordpress_d\/index.php?rest_route=\/wp\/v2\/pages\/332\/revisions\/818"}],"wp:attachment":[{"href":"https:\/\/skiclub-rielasingen.de\/wordpress_d\/index.php?rest_route=%2Fwp%2Fv2%2Fmedia&parent=332"}],"curies":[{"name":"wp","href":"https:\/\/api.w.org\/{rel}","templated":true}]}}