{"id":28,"date":"2015-10-04T11:23:02","date_gmt":"2015-10-04T11:23:02","guid":{"rendered":"http:\/\/skiclub-rielasingen.de\/wordpress_d\/?page_id=28"},"modified":"2026-03-09T14:46:01","modified_gmt":"2026-03-09T13:46:01","slug":"wer-macht-was","status":"publish","type":"page","link":"https:\/\/skiclub-rielasingen.de\/wordpress_d\/?page_id=28","title":{"rendered":"Wer macht was"},"content":{"rendered":"<div id=\"pl-28\"  class=\"panel-layout\" ><div id=\"pg-28-0\"  class=\"panel-grid panel-no-style\" ><div id=\"pgc-28-0-0\"  class=\"panel-grid-cell\" ><div id=\"panel-28-0-0-0\" class=\"so-panel widget widget_sow-image panel-first-child panel-last-child\" data-index=\"0\" ><div\n\t\t\t\n\t\t\tclass=\"so-widget-sow-image so-widget-sow-image-default-8b5b6f678277-28\"\n\t\t\t\n\t\t>\n<div class=\"sow-image-container\">\n\t\t<img \n\tsrc=\"https:\/\/skiclub-rielasingen.de\/wordpress_d\/wp-content\/uploads\/2026\/03\/Matze-768x1024.jpeg\" width=\"768\" height=\"1024\" srcset=\"https:\/\/skiclub-rielasingen.de\/wordpress_d\/wp-content\/uploads\/2026\/03\/Matze-768x1024.jpeg 768w, https:\/\/skiclub-rielasingen.de\/wordpress_d\/wp-content\/uploads\/2026\/03\/Matze-225x300.jpeg 225w, https:\/\/skiclub-rielasingen.de\/wordpress_d\/wp-content\/uploads\/2026\/03\/Matze-1152x1536.jpeg 1152w, https:\/\/skiclub-rielasingen.de\/wordpress_d\/wp-content\/uploads\/2026\/03\/Matze.jpeg 1536w\" sizes=\"(max-width: 768px) 100vw, 768px\" alt=\"\" \t\tclass=\"so-widget-image\"\/>\n\t<\/div>\n\n<\/div><\/div><\/div><div id=\"pgc-28-0-1\"  class=\"panel-grid-cell\" ><div id=\"panel-28-0-1-0\" class=\"so-panel widget widget_text panel-first-child panel-last-child\" data-index=\"1\" ><h3 class=\"widget-title\">1. Vorstand<\/h3>\t\t\t<div class=\"textwidget\">Matthias Kurtz<br>\n<br>\n<strong>Aufgaben im Verein:<\/strong><br>\nKoordination der Vereinsaktivit\u00e4ten, Leitung der Vorstandssitzungen und verantwortlich f\u00fcr die Ski-Club Infos.<br>\n<br>\nTel.: 07731\/3193900 <br>\n<a href=\"mailto:1.vorstand@skiclub-rielasingen.de\">Email senden<\/a><\/div>\n\t\t<\/div><\/div><div id=\"pgc-28-0-2\"  class=\"panel-grid-cell\" ><div id=\"panel-28-0-2-0\" class=\"so-panel widget widget_sow-image panel-first-child panel-last-child\" data-index=\"2\" ><div\n\t\t\t\n\t\t\tclass=\"so-widget-sow-image so-widget-sow-image-default-8b5b6f678277-28\"\n\t\t\t\n\t\t>\n<div class=\"sow-image-container\">\n\t\t<img \n\tsrc=\"https:\/\/skiclub-rielasingen.de\/wordpress_d\/wp-content\/uploads\/2015\/10\/2.Vorstand-768x1080.jpg\" width=\"768\" height=\"1080\" srcset=\"https:\/\/skiclub-rielasingen.de\/wordpress_d\/wp-content\/uploads\/2015\/10\/2.Vorstand-768x1080.jpg 768w, https:\/\/skiclub-rielasingen.de\/wordpress_d\/wp-content\/uploads\/2015\/10\/2.Vorstand-213x300.jpg 213w, https:\/\/skiclub-rielasingen.de\/wordpress_d\/wp-content\/uploads\/2015\/10\/2.Vorstand-728x1024.jpg 728w, https:\/\/skiclub-rielasingen.de\/wordpress_d\/wp-content\/uploads\/2015\/10\/2.Vorstand.jpg 1211w\" sizes=\"(max-width: 768px) 100vw, 768px\" alt=\"\" \t\tclass=\"so-widget-image\"\/>\n\t<\/div>\n\n<\/div><\/div><\/div><div id=\"pgc-28-0-3\"  class=\"panel-grid-cell\" ><div id=\"panel-28-0-3-0\" class=\"so-panel widget widget_text panel-first-child panel-last-child\" data-index=\"3\" ><h3 class=\"widget-title\">2. Vorstand<\/h3>\t\t\t<div class=\"textwidget\">Markus Gr\u00e4ble<br>\n<br>\n<strong>Aufgaben im Verein:<\/strong> <br>\nH\u00e4lt den Kontakt zur Presse, Vertretung des 1. Vorstands.<br>\n <br>\n<a href=\"mailto:2.vorstand@skiclub-rielasingen.de\">Email senden<\/a><\/div>\n\t\t<\/div><\/div><\/div><div id=\"pg-28-1\"  class=\"panel-grid panel-no-style\" ><div id=\"pgc-28-1-0\"  class=\"panel-grid-cell\" ><div id=\"panel-28-1-0-0\" class=\"so-panel widget widget_sow-image panel-first-child panel-last-child\" data-index=\"4\" ><div\n\t\t\t\n\t\t\tclass=\"so-widget-sow-image so-widget-sow-image-default-8b5b6f678277-28\"\n\t\t\t\n\t\t>\n<div class=\"sow-image-container\">\n\t\t<img \n\tsrc=\"https:\/\/skiclub-rielasingen.de\/wordpress_d\/wp-content\/uploads\/2026\/03\/Nils-768x1024.jpeg\" width=\"768\" height=\"1024\" srcset=\"https:\/\/skiclub-rielasingen.de\/wordpress_d\/wp-content\/uploads\/2026\/03\/Nils-768x1024.jpeg 768w, https:\/\/skiclub-rielasingen.de\/wordpress_d\/wp-content\/uploads\/2026\/03\/Nils-225x300.jpeg 225w, https:\/\/skiclub-rielasingen.de\/wordpress_d\/wp-content\/uploads\/2026\/03\/Nils-1152x1536.jpeg 1152w, https:\/\/skiclub-rielasingen.de\/wordpress_d\/wp-content\/uploads\/2026\/03\/Nils.jpeg 1536w\" sizes=\"(max-width: 768px) 100vw, 768px\" alt=\"\" \t\tclass=\"so-widget-image\"\/>\n\t<\/div>\n\n<\/div><\/div><\/div><div id=\"pgc-28-1-1\"  class=\"panel-grid-cell\" ><div id=\"panel-28-1-1-0\" class=\"so-panel widget widget_text panel-first-child panel-last-child\" data-index=\"5\" ><h3 class=\"widget-title\">Schriftf\u00fchrer<\/h3>\t\t\t<div class=\"textwidget\">Nils Bl\u00e4sing<br>\n<br>\n<strong>Aufgaben im Verein:<\/strong><br>\nAnfertigen von Sitzungs-Protokollen und Presseinformationen<br>\n<\/div>\n\t\t<\/div><\/div><div id=\"pgc-28-1-2\"  class=\"panel-grid-cell\" ><div id=\"panel-28-1-2-0\" class=\"so-panel widget widget_sow-image panel-first-child panel-last-child\" data-index=\"6\" ><div\n\t\t\t\n\t\t\tclass=\"so-widget-sow-image so-widget-sow-image-default-8b5b6f678277-28\"\n\t\t\t\n\t\t>\n<div class=\"sow-image-container\">\n\t\t<img \n\tsrc=\"https:\/\/skiclub-rielasingen.de\/wordpress_d\/wp-content\/uploads\/2026\/03\/Bine-768x1024.jpeg\" width=\"768\" height=\"1024\" srcset=\"https:\/\/skiclub-rielasingen.de\/wordpress_d\/wp-content\/uploads\/2026\/03\/Bine-768x1024.jpeg 768w, https:\/\/skiclub-rielasingen.de\/wordpress_d\/wp-content\/uploads\/2026\/03\/Bine-225x300.jpeg 225w, https:\/\/skiclub-rielasingen.de\/wordpress_d\/wp-content\/uploads\/2026\/03\/Bine-1152x1536.jpeg 1152w, https:\/\/skiclub-rielasingen.de\/wordpress_d\/wp-content\/uploads\/2026\/03\/Bine.jpeg 1536w\" sizes=\"(max-width: 768px) 100vw, 768px\" alt=\"\" \t\tclass=\"so-widget-image\"\/>\n\t<\/div>\n\n<\/div><\/div><\/div><div id=\"pgc-28-1-3\"  class=\"panel-grid-cell\" ><div id=\"panel-28-1-3-0\" class=\"so-panel widget widget_text panel-first-child panel-last-child\" data-index=\"7\" ><h3 class=\"widget-title\">Kassiererin<\/h3>\t\t\t<div class=\"textwidget\">Sabine Bl\u00e4sing<br>\n<br>\n<strong>Aufgaben im Verein:<\/strong> <br>\nVerantwortlich f\u00fcr die Finanzen. Betreuen und Aktualisieren des Mitgliederbestandes. <br>\n<br>\n<a href=\"mailto:kassierer@skiclub-rielasingen.de\">Email senden<\/a><\/div>\n\t\t<\/div><\/div><\/div><div id=\"pg-28-2\"  class=\"panel-grid panel-no-style\" ><div id=\"pgc-28-2-0\"  class=\"panel-grid-cell\" ><div id=\"panel-28-2-0-0\" class=\"so-panel widget widget_sow-image panel-first-child panel-last-child\" data-index=\"8\" ><div\n\t\t\t\n\t\t\tclass=\"so-widget-sow-image so-widget-sow-image-default-8b5b6f678277-28\"\n\t\t\t\n\t\t>\n<div class=\"sow-image-container\">\n\t\t<img \n\tsrc=\"https:\/\/skiclub-rielasingen.de\/wordpress_d\/wp-content\/uploads\/2026\/03\/Sandra-768x1024.jpeg\" width=\"768\" height=\"1024\" srcset=\"https:\/\/skiclub-rielasingen.de\/wordpress_d\/wp-content\/uploads\/2026\/03\/Sandra-768x1024.jpeg 768w, https:\/\/skiclub-rielasingen.de\/wordpress_d\/wp-content\/uploads\/2026\/03\/Sandra-225x300.jpeg 225w, https:\/\/skiclub-rielasingen.de\/wordpress_d\/wp-content\/uploads\/2026\/03\/Sandra-1152x1536.jpeg 1152w, https:\/\/skiclub-rielasingen.de\/wordpress_d\/wp-content\/uploads\/2026\/03\/Sandra.jpeg 1536w\" sizes=\"(max-width: 768px) 100vw, 768px\" alt=\"\" \t\tclass=\"so-widget-image\"\/>\n\t<\/div>\n\n<\/div><\/div><\/div><div id=\"pgc-28-2-1\"  class=\"panel-grid-cell\" ><div id=\"panel-28-2-1-0\" class=\"so-panel widget widget_text panel-first-child panel-last-child\" data-index=\"9\" ><h3 class=\"widget-title\">Skischulleiterin<\/h3>\t\t\t<div class=\"textwidget\">Sandra Lehmann<br>\n<br>\n<strong>Aufgaben im Verein:<\/strong><br>\nKoordination und Leitung der Skikurse sowie Fort- und Weiterbildung der Skischulmitglieder.<br>\n<br>\n<a href=\"mailto:Skischule@skiclub-rielasingen.de\">Email senden<\/a>\n<\/div>\n\t\t<\/div><\/div><div id=\"pgc-28-2-2\"  class=\"panel-grid-cell\" ><div id=\"panel-28-2-2-0\" class=\"so-panel widget widget_sow-image panel-first-child panel-last-child\" data-index=\"10\" ><div\n\t\t\t\n\t\t\tclass=\"so-widget-sow-image so-widget-sow-image-default-8b5b6f678277-28\"\n\t\t\t\n\t\t>\n<div class=\"sow-image-container\">\n\t\t<img \n\tsrc=\"https:\/\/skiclub-rielasingen.de\/wordpress_d\/wp-content\/uploads\/2026\/03\/Mick-768x1024.jpeg\" width=\"768\" height=\"1024\" srcset=\"https:\/\/skiclub-rielasingen.de\/wordpress_d\/wp-content\/uploads\/2026\/03\/Mick-768x1024.jpeg 768w, https:\/\/skiclub-rielasingen.de\/wordpress_d\/wp-content\/uploads\/2026\/03\/Mick-225x300.jpeg 225w, https:\/\/skiclub-rielasingen.de\/wordpress_d\/wp-content\/uploads\/2026\/03\/Mick-1152x1536.jpeg 1152w, https:\/\/skiclub-rielasingen.de\/wordpress_d\/wp-content\/uploads\/2026\/03\/Mick.jpeg 1536w\" sizes=\"(max-width: 768px) 100vw, 768px\" alt=\"\" \t\tclass=\"so-widget-image\"\/>\n\t<\/div>\n\n<\/div><\/div><\/div><div id=\"pgc-28-2-3\"  class=\"panel-grid-cell\" ><div id=\"panel-28-2-3-0\" class=\"so-panel widget widget_text panel-first-child panel-last-child\" data-index=\"11\" ><h3 class=\"widget-title\">Sportwart<\/h3>\t\t\t<div class=\"textwidget\">Mick Ley<br>\n<br>\n<strong>Aufgaben im Verein:<\/strong><br>\nZust\u00e4ndig f\u00fcr alle sportlichen Aktivit\u00e4ten. Organisiert das Vereinsrennen.<br>\n<br>\n<a href=\"mailto:sportwart@skiclub-rielasingen.de\">Email senden<\/a><\/div>\n\t\t<\/div><\/div><\/div><div id=\"pg-28-3\"  class=\"panel-grid panel-no-style\" ><div id=\"pgc-28-3-0\"  class=\"panel-grid-cell\" ><div id=\"panel-28-3-0-0\" class=\"so-panel widget widget_sow-image panel-first-child panel-last-child\" data-index=\"12\" ><div\n\t\t\t\n\t\t\tclass=\"so-widget-sow-image so-widget-sow-image-default-8b5b6f678277-28\"\n\t\t\t\n\t\t>\n<div class=\"sow-image-container\">\n\t\t<img \n\tsrc=\"https:\/\/skiclub-rielasingen.de\/wordpress_d\/wp-content\/uploads\/2026\/03\/Lena-768x1024.jpeg\" width=\"768\" height=\"1024\" srcset=\"https:\/\/skiclub-rielasingen.de\/wordpress_d\/wp-content\/uploads\/2026\/03\/Lena-768x1024.jpeg 768w, https:\/\/skiclub-rielasingen.de\/wordpress_d\/wp-content\/uploads\/2026\/03\/Lena-225x300.jpeg 225w, https:\/\/skiclub-rielasingen.de\/wordpress_d\/wp-content\/uploads\/2026\/03\/Lena-1152x1536.jpeg 1152w, https:\/\/skiclub-rielasingen.de\/wordpress_d\/wp-content\/uploads\/2026\/03\/Lena.jpeg 1536w\" sizes=\"(max-width: 768px) 100vw, 768px\" alt=\"\" \t\tclass=\"so-widget-image\"\/>\n\t<\/div>\n\n<\/div><\/div><\/div><div id=\"pgc-28-3-1\"  class=\"panel-grid-cell\" ><div id=\"panel-28-3-1-0\" class=\"so-panel widget widget_text panel-first-child panel-last-child\" data-index=\"13\" ><h3 class=\"widget-title\">Jugendw\u00e4rtin<\/h3>\t\t\t<div class=\"textwidget\"><p>Lena Wernicke<\/p>\n<p><strong>Aufgaben im Verein:<\/strong><br \/>\nVertritt die Interessen der Jugend.<\/p>\n<\/div>\n\t\t<\/div><\/div><div id=\"pgc-28-3-2\"  class=\"panel-grid-cell panel-grid-cell-empty panel-grid-cell-mobile-last\" ><\/div><div id=\"pgc-28-3-3\"  class=\"panel-grid-cell panel-grid-cell-empty\" ><\/div><\/div><\/div>","protected":false},"excerpt":{"rendered":"<p>Matthias Kurtz Aufgaben im Verein: Koordination der Vereinsaktivit\u00e4ten, Leitung der Vorstandssitzungen und verantwortlich f\u00fcr die Ski-Club Infos. Tel.: 07731\/3193900 Email senden Markus Gr\u00e4ble Aufgaben im Verein: H\u00e4lt den Kontakt zur Presse, Vertretung des 1. Vorstands. Email senden Nils Bl\u00e4sing Aufgaben im Verein: Anfertigen von Sitzungs-Protokollen und Presseinformationen Sabine Bl\u00e4sing Aufgaben im Verein: Verantwortlich f\u00fcr die&hellip;<\/p>\n","protected":false},"author":2,"featured_media":0,"parent":15,"menu_order":3,"comment_status":"closed","ping_status":"closed","template":"","meta":{"footnotes":""},"class_list":["post-28","page","type-page","status-publish","hentry"],"_links":{"self":[{"href":"https:\/\/skiclub-rielasingen.de\/wordpress_d\/index.php?rest_route=\/wp\/v2\/pages\/28","targetHints":{"allow":["GET"]}}],"collection":[{"href":"https:\/\/skiclub-rielasingen.de\/wordpress_d\/index.php?rest_route=\/wp\/v2\/pages"}],"about":[{"href":"https:\/\/skiclub-rielasingen.de\/wordpress_d\/index.php?rest_route=\/wp\/v2\/types\/page"}],"author":[{"embeddable":true,"href":"https:\/\/skiclub-rielasingen.de\/wordpress_d\/index.php?rest_route=\/wp\/v2\/users\/2"}],"replies":[{"embeddable":true,"href":"https:\/\/skiclub-rielasingen.de\/wordpress_d\/index.php?rest_route=%2Fwp%2Fv2%2Fcomments&post=28"}],"version-history":[{"count":46,"href":"https:\/\/skiclub-rielasingen.de\/wordpress_d\/index.php?rest_route=\/wp\/v2\/pages\/28\/revisions"}],"predecessor-version":[{"id":422,"href":"https:\/\/skiclub-rielasingen.de\/wordpress_d\/index.php?rest_route=\/wp\/v2\/pages\/28\/revisions\/422"}],"up":[{"embeddable":true,"href":"https:\/\/skiclub-rielasingen.de\/wordpress_d\/index.php?rest_route=\/wp\/v2\/pages\/15"}],"wp:attachment":[{"href":"https:\/\/skiclub-rielasingen.de\/wordpress_d\/index.php?rest_route=%2Fwp%2Fv2%2Fmedia&parent=28"}],"curies":[{"name":"wp","href":"https:\/\/api.w.org\/{rel}","templated":true}]}}