{"id":219,"date":"2017-10-13T20:11:46","date_gmt":"2017-10-13T18:11:46","guid":{"rendered":"http:\/\/skiclub-rielasingen.de\/wordpress_d\/?page_id=219"},"modified":"2026-03-16T16:38:01","modified_gmt":"2026-03-16T15:38:01","slug":"stubai-2017","status":"publish","type":"page","link":"https:\/\/skiclub-rielasingen.de\/wordpress_d\/?page_id=219","title":{"rendered":"Vereins- und Ortsmeisterschaften"},"content":{"rendered":"<div id=\"pl-219\"  class=\"panel-layout\" ><div id=\"pg-219-0\"  class=\"panel-grid panel-no-style\" ><div id=\"pgc-219-0-0\"  class=\"panel-grid-cell\" ><div id=\"panel-219-0-0-0\" class=\"so-panel widget widget_text panel-first-child panel-last-child\" data-index=\"0\" ><h3 class=\"widget-title\">2025<\/h3>\t\t\t<div class=\"textwidget\"><p>Die Vereins- und Ortsmeisterschaften fanden am 01.02.2025 bei eingeschr\u00e4nkter Sicht auf der Rennpiste an der Talabfahrt in Wildhaus statt. Es waren 66 Starter Gemeldet. Die Siegerehrung fand wie gewohnt beim Abschluss des Skikurses am 08.02.2025 in der Arlener Gems statt. Die Meister und Meisterinnen der verschiedenen Klassen sind unten aufgelistet.<\/p>\n<p><strong>Damen:<\/strong><br \/>\nVereinsmeisterschaften:<br \/>\nDamen: Sandra Lehmann<br \/>\nJugend: Hannah B\u00fcrkle<br \/>\nSch\u00fclerinnen 14: Sarah B\u00fcrkle<br \/>\nSch\u00fclerinnen 10: Amelie B\u00f6hmer<br \/>\nKinder: Johanna Mall<\/p>\n<p>Ortsmeisterschaften:<br \/>\nDamen: Hannah B\u00fcrkle<br \/>\nSch\u00fclerinnen: Sarah B\u00fcrkle<\/p>\n<p><strong>Herren:<\/strong><br \/>\nVereinsmeisterschaften:<br \/>\nHerren: Marc Hieber<br \/>\nJugend: Felix Lehmann<br \/>\nSch\u00fcler 14: Felix Fink<br \/>\nSch\u00fcler 10: Robin Kurtz<br \/>\nKinder: Raphael Beer<br \/>\nSB Jugend: Oliver Hennes<\/p>\n<p>Ortsmeisterschaften:<br \/>\nHerren: Marc Hieber<br \/>\nSch\u00fcler: Felix Ibrahimpasic<br \/>\nSB Herren: Oliver Hennes<\/p>\n<p>Die Teilnahmevoraussetzung f\u00fcr die Vereinsmeisterschaft ist eine Mitgliedschaft im Skiclub Rielasingen, f\u00fcr die Ortsmeisterschaft m\u00fcssen Sie wohnhaft in Rielasingen, Worblingen oder Arlen sein.<\/p>\n<\/div>\n\t\t<\/div><\/div><div id=\"pgc-219-0-1\"  class=\"panel-grid-cell\" ><div id=\"panel-219-0-1-0\" class=\"so-panel widget widget_sow-image panel-first-child\" data-index=\"1\" ><div\n\t\t\t\n\t\t\tclass=\"so-widget-sow-image so-widget-sow-image-default-8b5b6f678277-219\"\n\t\t\t\n\t\t>\n<div class=\"sow-image-container\">\n\t\t<img \n\tsrc=\"https:\/\/skiclub-rielasingen.de\/wordpress_d\/wp-content\/uploads\/2018\/01\/MG_7759-300x229.jpg\" width=\"300\" height=\"229\" srcset=\"https:\/\/skiclub-rielasingen.de\/wordpress_d\/wp-content\/uploads\/2018\/01\/MG_7759-300x229.jpg 300w, https:\/\/skiclub-rielasingen.de\/wordpress_d\/wp-content\/uploads\/2018\/01\/MG_7759-768x586.jpg 768w, https:\/\/skiclub-rielasingen.de\/wordpress_d\/wp-content\/uploads\/2018\/01\/MG_7759-1024x782.jpg 1024w\" sizes=\"(max-width: 300px) 100vw, 300px\" title=\"_MG_7759\" alt=\"\" \t\tclass=\"so-widget-image\"\/>\n\t<\/div>\n\n<\/div><\/div><div id=\"panel-219-0-1-1\" class=\"so-panel widget widget_sow-image\" data-index=\"2\" ><div\n\t\t\t\n\t\t\tclass=\"so-widget-sow-image so-widget-sow-image-default-8b5b6f678277-219\"\n\t\t\t\n\t\t>\n<div class=\"sow-image-container\">\n\t\t<img \n\tsrc=\"https:\/\/skiclub-rielasingen.de\/wordpress_d\/wp-content\/uploads\/2026\/03\/IMG_4376-300x225.jpeg\" width=\"300\" height=\"225\" srcset=\"https:\/\/skiclub-rielasingen.de\/wordpress_d\/wp-content\/uploads\/2026\/03\/IMG_4376-300x225.jpeg 300w, https:\/\/skiclub-rielasingen.de\/wordpress_d\/wp-content\/uploads\/2026\/03\/IMG_4376-1024x768.jpeg 1024w, https:\/\/skiclub-rielasingen.de\/wordpress_d\/wp-content\/uploads\/2026\/03\/IMG_4376-768x576.jpeg 768w, https:\/\/skiclub-rielasingen.de\/wordpress_d\/wp-content\/uploads\/2026\/03\/IMG_4376-1536x1152.jpeg 1536w, https:\/\/skiclub-rielasingen.de\/wordpress_d\/wp-content\/uploads\/2026\/03\/IMG_4376.jpeg 2048w\" sizes=\"(max-width: 300px) 100vw, 300px\" alt=\"\" \t\tclass=\"so-widget-image\"\/>\n\t<\/div>\n\n<\/div><\/div><div id=\"panel-219-0-1-2\" class=\"so-panel widget widget_sow-image\" data-index=\"3\" ><div\n\t\t\t\n\t\t\tclass=\"so-widget-sow-image so-widget-sow-image-default-8b5b6f678277-219\"\n\t\t\t\n\t\t>\n<div class=\"sow-image-container\">\n\t\t<img \n\tsrc=\"https:\/\/skiclub-rielasingen.de\/wordpress_d\/wp-content\/uploads\/2026\/03\/IMG_4379-300x225.jpeg\" width=\"300\" height=\"225\" srcset=\"https:\/\/skiclub-rielasingen.de\/wordpress_d\/wp-content\/uploads\/2026\/03\/IMG_4379-300x225.jpeg 300w, https:\/\/skiclub-rielasingen.de\/wordpress_d\/wp-content\/uploads\/2026\/03\/IMG_4379-1024x768.jpeg 1024w, https:\/\/skiclub-rielasingen.de\/wordpress_d\/wp-content\/uploads\/2026\/03\/IMG_4379-768x576.jpeg 768w, https:\/\/skiclub-rielasingen.de\/wordpress_d\/wp-content\/uploads\/2026\/03\/IMG_4379-1536x1152.jpeg 1536w, https:\/\/skiclub-rielasingen.de\/wordpress_d\/wp-content\/uploads\/2026\/03\/IMG_4379.jpeg 2048w\" sizes=\"(max-width: 300px) 100vw, 300px\" alt=\"\" \t\tclass=\"so-widget-image\"\/>\n\t<\/div>\n\n<\/div><\/div><div id=\"panel-219-0-1-3\" class=\"so-panel widget widget_sow-image\" data-index=\"4\" ><div\n\t\t\t\n\t\t\tclass=\"so-widget-sow-image so-widget-sow-image-default-8b5b6f678277-219\"\n\t\t\t\n\t\t>\n<div class=\"sow-image-container\">\n\t\t<img \n\tsrc=\"https:\/\/skiclub-rielasingen.de\/wordpress_d\/wp-content\/uploads\/2026\/03\/IMG_4365-300x225.jpeg\" width=\"300\" height=\"225\" srcset=\"https:\/\/skiclub-rielasingen.de\/wordpress_d\/wp-content\/uploads\/2026\/03\/IMG_4365-300x225.jpeg 300w, https:\/\/skiclub-rielasingen.de\/wordpress_d\/wp-content\/uploads\/2026\/03\/IMG_4365-1024x768.jpeg 1024w, https:\/\/skiclub-rielasingen.de\/wordpress_d\/wp-content\/uploads\/2026\/03\/IMG_4365-768x576.jpeg 768w, https:\/\/skiclub-rielasingen.de\/wordpress_d\/wp-content\/uploads\/2026\/03\/IMG_4365-1536x1152.jpeg 1536w, https:\/\/skiclub-rielasingen.de\/wordpress_d\/wp-content\/uploads\/2026\/03\/IMG_4365.jpeg 2048w\" sizes=\"(max-width: 300px) 100vw, 300px\" alt=\"\" \t\tclass=\"so-widget-image\"\/>\n\t<\/div>\n\n<\/div><\/div><div id=\"panel-219-0-1-4\" class=\"so-panel widget widget_sow-image\" data-index=\"5\" ><div\n\t\t\t\n\t\t\tclass=\"so-widget-sow-image so-widget-sow-image-default-8b5b6f678277-219\"\n\t\t\t\n\t\t>\n<div class=\"sow-image-container\">\n\t\t<img \n\tsrc=\"https:\/\/skiclub-rielasingen.de\/wordpress_d\/wp-content\/uploads\/2026\/03\/IMG_4370-300x225.jpeg\" width=\"300\" height=\"225\" srcset=\"https:\/\/skiclub-rielasingen.de\/wordpress_d\/wp-content\/uploads\/2026\/03\/IMG_4370-300x225.jpeg 300w, https:\/\/skiclub-rielasingen.de\/wordpress_d\/wp-content\/uploads\/2026\/03\/IMG_4370-1024x768.jpeg 1024w, https:\/\/skiclub-rielasingen.de\/wordpress_d\/wp-content\/uploads\/2026\/03\/IMG_4370-768x576.jpeg 768w, https:\/\/skiclub-rielasingen.de\/wordpress_d\/wp-content\/uploads\/2026\/03\/IMG_4370-1536x1152.jpeg 1536w, https:\/\/skiclub-rielasingen.de\/wordpress_d\/wp-content\/uploads\/2026\/03\/IMG_4370.jpeg 2048w\" sizes=\"(max-width: 300px) 100vw, 300px\" alt=\"\" \t\tclass=\"so-widget-image\"\/>\n\t<\/div>\n\n<\/div><\/div><div id=\"panel-219-0-1-5\" class=\"so-panel widget widget_sow-image panel-last-child\" data-index=\"6\" ><div\n\t\t\t\n\t\t\tclass=\"so-widget-sow-image so-widget-sow-image-default-8b5b6f678277-219\"\n\t\t\t\n\t\t>\n<div class=\"sow-image-container\">\n\t\t<img \n\tsrc=\"https:\/\/skiclub-rielasingen.de\/wordpress_d\/wp-content\/uploads\/2026\/03\/IMG_4338-300x225.jpeg\" width=\"300\" height=\"225\" srcset=\"https:\/\/skiclub-rielasingen.de\/wordpress_d\/wp-content\/uploads\/2026\/03\/IMG_4338-300x225.jpeg 300w, https:\/\/skiclub-rielasingen.de\/wordpress_d\/wp-content\/uploads\/2026\/03\/IMG_4338-1024x768.jpeg 1024w, https:\/\/skiclub-rielasingen.de\/wordpress_d\/wp-content\/uploads\/2026\/03\/IMG_4338-768x576.jpeg 768w, https:\/\/skiclub-rielasingen.de\/wordpress_d\/wp-content\/uploads\/2026\/03\/IMG_4338-1536x1152.jpeg 1536w, https:\/\/skiclub-rielasingen.de\/wordpress_d\/wp-content\/uploads\/2026\/03\/IMG_4338.jpeg 2048w\" sizes=\"(max-width: 300px) 100vw, 300px\" alt=\"\" \t\tclass=\"so-widget-image\"\/>\n\t<\/div>\n\n<\/div><\/div><\/div><\/div><\/div>","protected":false},"excerpt":{"rendered":"<p>Die Vereins- und Ortsmeisterschaften fanden am 01.02.2025 bei eingeschr\u00e4nkter Sicht auf der Rennpiste an der Talabfahrt in Wildhaus statt. Es waren 66 Starter Gemeldet. Die Siegerehrung fand wie gewohnt beim Abschluss des Skikurses am 08.02.2025 in der Arlener Gems statt. Die Meister und Meisterinnen der verschiedenen Klassen sind unten aufgelistet. Damen: Vereinsmeisterschaften: Damen: Sandra Lehmann&hellip;<\/p>\n","protected":false},"author":2,"featured_media":0,"parent":38,"menu_order":0,"comment_status":"closed","ping_status":"closed","template":"","meta":{"footnotes":""},"class_list":["post-219","page","type-page","status-publish","hentry"],"_links":{"self":[{"href":"https:\/\/skiclub-rielasingen.de\/wordpress_d\/index.php?rest_route=\/wp\/v2\/pages\/219","targetHints":{"allow":["GET"]}}],"collection":[{"href":"https:\/\/skiclub-rielasingen.de\/wordpress_d\/index.php?rest_route=\/wp\/v2\/pages"}],"about":[{"href":"https:\/\/skiclub-rielasingen.de\/wordpress_d\/index.php?rest_route=\/wp\/v2\/types\/page"}],"author":[{"embeddable":true,"href":"https:\/\/skiclub-rielasingen.de\/wordpress_d\/index.php?rest_route=\/wp\/v2\/users\/2"}],"replies":[{"embeddable":true,"href":"https:\/\/skiclub-rielasingen.de\/wordpress_d\/index.php?rest_route=%2Fwp%2Fv2%2Fcomments&post=219"}],"version-history":[{"count":36,"href":"https:\/\/skiclub-rielasingen.de\/wordpress_d\/index.php?rest_route=\/wp\/v2\/pages\/219\/revisions"}],"predecessor-version":[{"id":838,"href":"https:\/\/skiclub-rielasingen.de\/wordpress_d\/index.php?rest_route=\/wp\/v2\/pages\/219\/revisions\/838"}],"up":[{"embeddable":true,"href":"https:\/\/skiclub-rielasingen.de\/wordpress_d\/index.php?rest_route=\/wp\/v2\/pages\/38"}],"wp:attachment":[{"href":"https:\/\/skiclub-rielasingen.de\/wordpress_d\/index.php?rest_route=%2Fwp%2Fv2%2Fmedia&parent=219"}],"curies":[{"name":"wp","href":"https:\/\/api.w.org\/{rel}","templated":true}]}}