{"id":15,"date":"2015-10-04T10:58:58","date_gmt":"2015-10-04T10:58:58","guid":{"rendered":"http:\/\/skiclub-rielasingen.de\/wordpress_d\/?page_id=15"},"modified":"2022-12-10T10:51:59","modified_gmt":"2022-12-10T09:51:59","slug":"ueber-uns","status":"publish","type":"page","link":"https:\/\/skiclub-rielasingen.de\/wordpress_d\/?page_id=15","title":{"rendered":"\u00dcber uns"},"content":{"rendered":"<div id=\"pl-15\"  class=\"panel-layout\" ><div id=\"pg-15-0\"  class=\"panel-grid panel-no-style\" ><div id=\"pgc-15-0-0\"  class=\"panel-grid-cell\" ><div id=\"panel-15-0-0-0\" class=\"so-panel widget widget_sow-image panel-first-child panel-last-child\" data-index=\"0\" ><div\n\t\t\t\n\t\t\tclass=\"so-widget-sow-image so-widget-sow-image-default-8b5b6f678277-15\"\n\t\t\t\n\t\t>\n<div class=\"sow-image-container\">\n\t\t<img \n\tsrc=\"https:\/\/skiclub-rielasingen.de\/wordpress_d\/wp-content\/uploads\/2015\/10\/DSC01082-1-e1443974600766.jpg\" width=\"400\" height=\"267\" sizes=\"(max-width: 400px) 100vw, 400px\" title=\"DSC01082 (1)\" alt=\"\" \t\tclass=\"so-widget-image\"\/>\n\t<\/div>\n\n<\/div><\/div><\/div><div id=\"pgc-15-0-1\"  class=\"panel-grid-cell\" ><div id=\"panel-15-0-1-0\" class=\"so-panel widget widget_sow-image panel-first-child panel-last-child\" data-index=\"1\" ><div\n\t\t\t\n\t\t\tclass=\"so-widget-sow-image so-widget-sow-image-default-8b5b6f678277-15\"\n\t\t\t\n\t\t>\n<div class=\"sow-image-container\">\n\t\t<img \n\tsrc=\"https:\/\/skiclub-rielasingen.de\/wordpress_d\/wp-content\/uploads\/2022\/12\/Bild-Stubai-2022_2.jpg\" width=\"1024\" height=\"766\" srcset=\"https:\/\/skiclub-rielasingen.de\/wordpress_d\/wp-content\/uploads\/2022\/12\/Bild-Stubai-2022_2.jpg 1024w, https:\/\/skiclub-rielasingen.de\/wordpress_d\/wp-content\/uploads\/2022\/12\/Bild-Stubai-2022_2-300x224.jpg 300w, https:\/\/skiclub-rielasingen.de\/wordpress_d\/wp-content\/uploads\/2022\/12\/Bild-Stubai-2022_2-768x575.jpg 768w\" sizes=\"(max-width: 1024px) 100vw, 1024px\" title=\"Bild Stubai 2022_2\" alt=\"\" \t\tclass=\"so-widget-image\"\/>\n\t<\/div>\n\n<\/div><\/div><\/div><div id=\"pgc-15-0-2\"  class=\"panel-grid-cell\" ><div id=\"panel-15-0-2-0\" class=\"so-panel widget widget_sow-image panel-first-child panel-last-child\" data-index=\"2\" ><div\n\t\t\t\n\t\t\tclass=\"so-widget-sow-image so-widget-sow-image-default-8b5b6f678277-15\"\n\t\t\t\n\t\t>\n<div class=\"sow-image-container\">\n\t\t<img \n\tsrc=\"https:\/\/skiclub-rielasingen.de\/wordpress_d\/wp-content\/uploads\/2015\/10\/MG_7714-e1443974632414.jpg\" width=\"401\" height=\"267\" sizes=\"(max-width: 401px) 100vw, 401px\" title=\"_MG_7714\" alt=\"\" \t\tclass=\"so-widget-image\"\/>\n\t<\/div>\n\n<\/div><\/div><\/div><\/div><div id=\"pg-15-1\"  class=\"panel-grid panel-no-style\" ><div id=\"pgc-15-1-0\"  class=\"panel-grid-cell\" ><div id=\"panel-15-1-0-0\" class=\"so-panel widget widget_text panel-first-child panel-last-child\" data-index=\"3\" ><h3 class=\"widget-title\">Geschichte des Vereins<\/h3>\t\t\t<div class=\"textwidget\">Der  Skiclub-Rielasingen wurde am 03.Dezember 1955 ins Leben gerufen.<br>\n<br>\n14 begeisterte Skifahrer kamen im Gasthaus Zum Falken in Rielasingen zusammen, und gr\u00fcndeten den Skiclub- Rielasingen e.V.\nVon diesem Zeitpunkt kamen immer mehr skibegeisterte Wintersportler zum SCR, sodass dieser heute ca. 400  Mitglieder z\u00e4hlt und einer der gr\u00f6\u00dften Vereine in der Gemeinde Rielasingen-Worblingen darstellt. <br>\n<br>\nDer erste Vorstand 1955 war Herr Kurt Helfer. Danach folgten Fritz W\u00fcrth, Horst Dorfm\u00fcller, Dieter Gr\u00e4ble, Erich W\u00f6lfle und Reinhard Pr\u00f6ll. Seit einigen Jahren leitet Matthias Kurtz mit seinem Team die Geschicke des Vereins.<br>\n<br>\nWerden Sie <a href=\"http:\/\/skiclub-rielasingen.de\/wordpress_d\/?page_id=112\">hier<\/a> Mitglied und unterst\u00fctzen Sie uns aktiv bei unserem Engagement rund um den Ski- und Snowboardsport in unserer Gemeinde. Wir bieten j\u00e4hrlich Kurse f\u00fcr Anf\u00e4nger und alle weiteren K\u00f6nnerstufen an. Weiterhin begleiten und unterst\u00fctzen wir mit unseren Ski- und Snowboardlehrern die \u00f6rtliche Schulen bei Wintersporttagen oder Skiausfahrten, etc. und bei ausreichend Interessenten veranstalten wir Skiausfahrten und Skilager.<\/div>\n\t\t<\/div><\/div><div id=\"pgc-15-1-1\"  class=\"panel-grid-cell\" ><div id=\"panel-15-1-1-0\" class=\"so-panel widget widget_sow-button panel-first-child\" data-index=\"4\" ><div class=\"panel-widget-style panel-widget-style-for-15-1-1-0\" ><div\n\t\t\t\n\t\t\tclass=\"so-widget-sow-button so-widget-sow-button-atom-c0dfd0d3f949-15\"\n\t\t\t\n\t\t><div class=\"ow-button-base ow-button-align-center\"\n>\n\t\t\t<a\n\t\t\t\t\thref=\"http:\/\/www.skiclub-rielasingen.de\/pdfs\/2018_SatzungSCR.pdf\"\n\t\t\t\t\tclass=\"sowb-button ow-icon-placement-left ow-button-hover\" target=\"_blank\" rel=\"noopener noreferrer\" \t>\n\t\t<span>\n\t\t\t<span class=\"sow-icon-elegantline\" data-sow-icon=\"&#xe005;\"\n\t\tstyle=\"color: #ffffff\" \n\t\taria-hidden=\"true\"><\/span>\n\t\t\tSatzung (neu)\t\t<\/span>\n\t\t\t<\/a>\n\t<\/div>\n<\/div><\/div><\/div><div id=\"panel-15-1-1-1\" class=\"so-panel widget widget_sow-button\" data-index=\"5\" ><div class=\"panel-widget-style panel-widget-style-for-15-1-1-1\" ><div\n\t\t\t\n\t\t\tclass=\"so-widget-sow-button so-widget-sow-button-atom-c0dfd0d3f949-15\"\n\t\t\t\n\t\t><div class=\"ow-button-base ow-button-align-center\"\n>\n\t\t\t<a\n\t\t\t\t\thref=\"http:\/\/www.skiclub-rielasingen.de\/pdfs\/2016_SatzungSCR.pdf\"\n\t\t\t\t\tclass=\"sowb-button ow-icon-placement-left ow-button-hover\" target=\"_blank\" rel=\"noopener noreferrer\" \t>\n\t\t<span>\n\t\t\t<span class=\"sow-icon-elegantline\" data-sow-icon=\"&#xe005;\"\n\t\tstyle=\"color: #ffffff\" \n\t\taria-hidden=\"true\"><\/span>\n\t\t\tSatzung (alt)\t\t<\/span>\n\t\t\t<\/a>\n\t<\/div>\n<\/div><\/div><\/div><div id=\"panel-15-1-1-2\" class=\"so-panel widget widget_sow-button\" data-index=\"6\" ><div class=\"panel-widget-style panel-widget-style-for-15-1-1-2\" ><div\n\t\t\t\n\t\t\tclass=\"so-widget-sow-button so-widget-sow-button-atom-4c8b8724a0f3-15\"\n\t\t\t\n\t\t><div class=\"ow-button-base ow-button-align-center\"\n>\n\t\t\t<a\n\t\t\t\t\thref=\"https:\/\/skiclub-rielasingen.de\/wordpress_d\/?page_id=112\"\n\t\t\t\t\tclass=\"sowb-button ow-icon-placement-left ow-button-hover\" \t>\n\t\t<span>\n\t\t\t<span class=\"sow-icon-fontawesome sow-fas\" data-sow-icon=\"&#xf234;\"\n\t\tstyle=\"color: #ffffff\" \n\t\taria-hidden=\"true\"><\/span>\n\t\t\tMitglied werden\t\t<\/span>\n\t\t\t<\/a>\n\t<\/div>\n<\/div><\/div><\/div><div id=\"panel-15-1-1-3\" class=\"so-panel widget widget_sow-image panel-last-child\" data-index=\"7\" ><div\n\t\t\t\n\t\t\tclass=\"so-widget-sow-image so-widget-sow-image-default-8b5b6f678277-15\"\n\t\t\t\n\t\t>\n<div class=\"sow-image-container\">\n\t\t<img \n\tsrc=\"https:\/\/skiclub-rielasingen.de\/wordpress_d\/wp-content\/uploads\/2015\/10\/DSC01073-e1443974872896.jpg\" width=\"400\" height=\"267\" srcset=\"https:\/\/skiclub-rielasingen.de\/wordpress_d\/wp-content\/uploads\/2015\/10\/DSC01073-e1443974872896.jpg 400w, https:\/\/skiclub-rielasingen.de\/wordpress_d\/wp-content\/uploads\/2015\/10\/DSC01073-e1443974872896-300x200.jpg 300w, https:\/\/skiclub-rielasingen.de\/wordpress_d\/wp-content\/uploads\/2015\/10\/DSC01073-e1443974872896-272x182.jpg 272w\" sizes=\"(max-width: 400px) 100vw, 400px\" title=\"DSC01073\" alt=\"\" \t\tclass=\"so-widget-image\"\/>\n\t<\/div>\n\n<\/div><\/div><\/div><\/div><\/div>","protected":false},"excerpt":{"rendered":"<p>Der Skiclub-Rielasingen wurde am 03.Dezember 1955 ins Leben gerufen. 14 begeisterte Skifahrer kamen im Gasthaus Zum Falken in Rielasingen zusammen, und gr\u00fcndeten den Skiclub- Rielasingen e.V. Von diesem Zeitpunkt kamen immer mehr skibegeisterte Wintersportler zum SCR, sodass dieser heute ca. 400 Mitglieder z\u00e4hlt und einer der gr\u00f6\u00dften Vereine in der Gemeinde Rielasingen-Worblingen darstellt. Der erste&hellip;<\/p>\n","protected":false},"author":2,"featured_media":0,"parent":0,"menu_order":6,"comment_status":"closed","ping_status":"closed","template":"","meta":{"footnotes":""},"class_list":["post-15","page","type-page","status-publish","hentry"],"_links":{"self":[{"href":"https:\/\/skiclub-rielasingen.de\/wordpress_d\/index.php?rest_route=\/wp\/v2\/pages\/15","targetHints":{"allow":["GET"]}}],"collection":[{"href":"https:\/\/skiclub-rielasingen.de\/wordpress_d\/index.php?rest_route=\/wp\/v2\/pages"}],"about":[{"href":"https:\/\/skiclub-rielasingen.de\/wordpress_d\/index.php?rest_route=\/wp\/v2\/types\/page"}],"author":[{"embeddable":true,"href":"https:\/\/skiclub-rielasingen.de\/wordpress_d\/index.php?rest_route=\/wp\/v2\/users\/2"}],"replies":[{"embeddable":true,"href":"https:\/\/skiclub-rielasingen.de\/wordpress_d\/index.php?rest_route=%2Fwp%2Fv2%2Fcomments&post=15"}],"version-history":[{"count":29,"href":"https:\/\/skiclub-rielasingen.de\/wordpress_d\/index.php?rest_route=\/wp\/v2\/pages\/15\/revisions"}],"predecessor-version":[{"id":684,"href":"https:\/\/skiclub-rielasingen.de\/wordpress_d\/index.php?rest_route=\/wp\/v2\/pages\/15\/revisions\/684"}],"wp:attachment":[{"href":"https:\/\/skiclub-rielasingen.de\/wordpress_d\/index.php?rest_route=%2Fwp%2Fv2%2Fmedia&parent=15"}],"curies":[{"name":"wp","href":"https:\/\/api.w.org\/{rel}","templated":true}]}}