{"id":112,"date":"2015-10-04T16:47:17","date_gmt":"2015-10-04T16:47:17","guid":{"rendered":"http:\/\/skiclub-rielasingen.de\/wordpress_d\/?page_id=112"},"modified":"2018-10-21T19:21:49","modified_gmt":"2018-10-21T17:21:49","slug":"mitglied-werden","status":"publish","type":"page","link":"https:\/\/skiclub-rielasingen.de\/wordpress_d\/?page_id=112","title":{"rendered":"Mitglied werden"},"content":{"rendered":"<div id=\"pl-112\"  class=\"panel-layout\" ><div id=\"pg-112-0\"  class=\"panel-grid panel-no-style\" ><div id=\"pgc-112-0-0\"  class=\"panel-grid-cell\" ><div id=\"panel-112-0-0-0\" class=\"so-panel widget widget_text panel-first-child panel-last-child\" data-index=\"0\" >\t\t\t<div class=\"textwidget\">Werden Sie Mitglied und unterst\u00fctzen Sie uns aktiv bei unserem Engagement rund um den Ski- und Snowboardsport in unserer Gemeinde. Wir bieten j\u00e4hrlich Kurse f\u00fcr Anf\u00e4nger und alle weiteren K\u00f6nnerstufen an. Weiterhin begleiten und unterst\u00fctzen wir mit unseren Ski- und Snowboardlehrern die \u00f6rtliche Schulen bei Wintersporttagen oder Skiausfahrten, etc. und bei ausreichend Interessenten veranstalten wir Skiausfahrten und Skilager.<br>\n<br>\n\nSie k\u00f6nnen entweder das Online-Formular unten ausf\u00fcllen oder <a href=\"http:\/\/www.skiclub-rielasingen.de\/Beitritt\/2018_Aufnahmeantrag_SCR.pdf\">hier das PDF herunterladen<\/a> und uns <a href=\"mailto:kassierer@skiclub-rielasingen.de\">per Email<\/a> senden oder per Post an folgende Adresse schicken: <br>\n<br>\nSkiclub Rielasingen<br>\nLangen\u00e4cker 29<BR>\n78239 Rielasingen-Worblingen<br>\n<br>\n<br>\n<\/div>\n\t\t<\/div><\/div><\/div><div id=\"pg-112-1\"  class=\"panel-grid panel-no-style\" ><div id=\"pgc-112-1-0\"  class=\"panel-grid-cell\" ><div id=\"panel-112-1-0-0\" class=\"so-panel widget widget_caldera_forms_widget panel-first-child panel-last-child\" data-index=\"1\" ><h3 class=\"widget-title\">Online-Beitrittsformular<\/h3><div class=\"caldera-grid\" id=\"caldera_form_1\" data-cf-ver=\"1.9.4\" data-cf-form-id=\"CF5611585d209e7\"><div id=\"caldera_notices_1\" data-spinner=\"https:\/\/skiclub-rielasingen.de\/wordpress_d\/wp-admin\/images\/spinner.gif\"><\/div><form data-instance=\"1\" class=\"CF5611585d209e7 caldera_forms_form cfajax-trigger\" method=\"POST\" enctype=\"multipart\/form-data\" id=\"CF5611585d209e7_1\" data-form-id=\"CF5611585d209e7\" aria-label=\"Mitglied werden\" data-target=\"#caldera_notices_1\" data-template=\"#cfajax_CF5611585d209e7-tmpl\" data-cfajax=\"CF5611585d209e7\" data-load-element=\"_parent\" data-load-class=\"cf_processing\" data-post-disable=\"0\" data-action=\"cf_process_ajax_submit\" data-request=\"https:\/\/skiclub-rielasingen.de\/wordpress_d\/?cf_api=CF5611585d209e7\" data-hiderows=\"true\">\r\n<input type=\"hidden\" id=\"_cf_verify_CF5611585d209e7\" name=\"_cf_verify\" value=\"f8c580e25b\"  data-nonce-time=\"1777319642\" \/><input type=\"hidden\" name=\"_wp_http_referer\" value=\"\/wordpress_d\/index.php?rest_route=%2Fwp%2Fv2%2Fpages%2F112\" \/><div id=\"cf2-CF5611585d209e7_1\"><\/div><input type=\"hidden\" name=\"_cf_frm_id\" value=\"CF5611585d209e7\">\r\n<input type=\"hidden\" name=\"_cf_frm_ct\" value=\"1\">\r\n<input type=\"hidden\" name=\"cfajax\" value=\"CF5611585d209e7\">\r\n<input type=\"hidden\" name=\"_cf_cr_pst\" value=\"112\">\r\n<div class=\"hide\" style=\"display:none; overflow:hidden;height:0;width:0;\">\r\n<label>E-Mail-Adresse<\/label><input type=\"text\" name=\"email\" value=\"\" autocomplete=\"off\">\r\n<\/div><div id=\"CF5611585d209e7_1-row-1\"  class=\"row  first_row\"><div  class=\"col-sm-12  single\"><div class=\"\"><p>Ich beantrage hiermit die Aufnahme als Mitglied in den Ski-Club Rielasingen e.V. Mit der Einreichung dieses Aufnahmeantrages erkennt der\/die Bewerber\/in die jeweils g\u00fcltige Satzung des Vereins an. Die Satzung wird auf Wunsch zugesandt, bzw. kann <a href=\"http:\/\/skiclub-rielasingen.de\/wordpress_d\/?page_id=15\"> hier<\/a> eingesehen werden. Mit Eingang des Antrags beginnt die Antragstellung. Der Vorstand kann den Antrag ohne Begr\u00fcndung ablehnen. Mit der elektronischen Speicherung\/Verarbeitung meiner Daten bin ich einverstanden.<\/p>\n<\/div><\/div><\/div><div id=\"CF5611585d209e7_1-row-2\"  class=\"row \"><div  class=\"col-sm-5  first_col\"><div data-field-wrapper=\"fld_5237377\" class=\"form-group\" id=\"fld_5237377_1-wrap\">\r\n\t<label id=\"fld_5237377Label\" for=\"fld_5237377_1\" class=\"control-label\">Nachname <span aria-hidden=\"true\" role=\"presentation\" class=\"field_required\" style=\"color:#ee0000;\">*<\/span><\/label>\r\n\t<div class=\"\">\r\n\t\t<input   required type=\"text\" data-field=\"fld_5237377\" class=\" form-control\" id=\"fld_5237377_1\" name=\"fld_5237377\" value=\"\" data-type=\"text\" aria-required=\"true\"   aria-labelledby=\"fld_5237377Label\" >\t\t\t<\/div>\r\n<\/div>\r\n<\/div><div  class=\"col-sm-5 \"><div data-field-wrapper=\"fld_7823043\" class=\"form-group\" id=\"fld_7823043_1-wrap\">\r\n\t<label id=\"fld_7823043Label\" for=\"fld_7823043_1\" class=\"control-label\">Vorname <span aria-hidden=\"true\" role=\"presentation\" class=\"field_required\" style=\"color:#ee0000;\">*<\/span><\/label>\r\n\t<div class=\"\">\r\n\t\t<input   required type=\"text\" data-field=\"fld_7823043\" class=\" form-control\" id=\"fld_7823043_1\" name=\"fld_7823043\" value=\"\" data-type=\"text\" aria-required=\"true\"   aria-labelledby=\"fld_7823043Label\" >\t\t\t<\/div>\r\n<\/div>\r\n<\/div><div  class=\"col-sm-2  last_col\">\n<div data-field-wrapper=\"fld_865518\" class=\"form-group\" id=\"fld_865518_1-wrap\">\r\n\t<label id=\"fld_865518Label\" for=\"fld_865518_1\" class=\"control-label\">Geburtsdatum <span aria-hidden=\"true\" role=\"presentation\" class=\"field_required\" style=\"color:#ee0000;\">*<\/span><\/label>\r\n\t<div class=\"\">\r\n\t\t<input  type=\"text\" data-provide=\"cfdatepicker\" name=\"fld_865518\" value=\"\" id=\"fld_865518_1\" data-field=\"fld_865518\" class=\"form-control cfdatepicker is-cfdatepicker\" data-date-format=\"yyyy-mm-dd\" required=\"1\" data-date-start-view=\"decade\" data-date-language=\"de\"   aria-labelledby=\"fld_865518Label\" required  \/>\n\t\t\t<\/div>\r\n<\/div>\r\n<\/div><\/div><div id=\"CF5611585d209e7_1-row-3\"  class=\"row \"><div  class=\"col-sm-10  first_col\"><div data-field-wrapper=\"fld_8904621\" class=\"form-group\" id=\"fld_8904621_1-wrap\">\r\n\t<label id=\"fld_8904621Label\" for=\"fld_8904621_1\" class=\"control-label\">Partner<\/label>\r\n\t<div class=\"\">\r\n\t\t<input    type=\"text\" data-field=\"fld_8904621\" class=\" form-control\" id=\"fld_8904621_1\" name=\"fld_8904621\" value=\"\" data-type=\"text\"   aria-labelledby=\"fld_8904621Label\" >\t\t\t<\/div>\r\n<\/div>\r\n<\/div><div  class=\"col-sm-2  last_col\">\n<div data-field-wrapper=\"fld_7076553\" class=\"form-group\" id=\"fld_7076553_1-wrap\">\r\n\t<label id=\"fld_7076553Label\" for=\"fld_7076553_1\" class=\"control-label\">Geburtsdatum<\/label>\r\n\t<div class=\"\">\r\n\t\t<input  type=\"text\" data-provide=\"cfdatepicker\" name=\"fld_7076553\" value=\"\" id=\"fld_7076553_1\" data-field=\"fld_7076553\" class=\"form-control cfdatepicker is-cfdatepicker\" data-date-format=\"yyyy-mm-dd\" data-date-start-view=\"decade\" data-date-language=\"de\"   aria-labelledby=\"fld_7076553Label\"   \/>\n\t\t\t<\/div>\r\n<\/div>\r\n<\/div><\/div><div id=\"CF5611585d209e7_1-row-4\"  class=\"row \"><div  class=\"col-sm-4  first_col\"><div data-field-wrapper=\"fld_7465787\" class=\"form-group\" id=\"fld_7465787_1-wrap\">\r\n\t<label id=\"fld_7465787Label\" for=\"fld_7465787_1\" class=\"control-label\">Kind<\/label>\r\n\t<div class=\"\">\r\n\t\t<input    type=\"text\" data-field=\"fld_7465787\" class=\" form-control\" id=\"fld_7465787_1\" name=\"fld_7465787\" value=\"\" data-type=\"text\"   aria-labelledby=\"fld_7465787Label\" >\t\t\t<\/div>\r\n<\/div>\r\n<\/div><div  class=\"col-sm-2 \">\n<div data-field-wrapper=\"fld_747614\" class=\"form-group\" id=\"fld_747614_1-wrap\">\r\n\t<label id=\"fld_747614Label\" for=\"fld_747614_1\" class=\"control-label\">Geburtsdatum<\/label>\r\n\t<div class=\"\">\r\n\t\t<input  type=\"text\" data-provide=\"cfdatepicker\" name=\"fld_747614\" value=\"\" id=\"fld_747614_1\" data-field=\"fld_747614\" class=\"form-control cfdatepicker is-cfdatepicker\" data-date-format=\"yyyy-mm-dd\" data-date-start-view=\"decade\" data-date-language=\"de\"   aria-labelledby=\"fld_747614Label\"   \/>\n\t\t\t<\/div>\r\n<\/div>\r\n<\/div><div  class=\"col-sm-4 \"><div data-field-wrapper=\"fld_2842819\" class=\"form-group\" id=\"fld_2842819_1-wrap\">\r\n\t<label id=\"fld_2842819Label\" for=\"fld_2842819_1\" class=\"control-label\">Kind<\/label>\r\n\t<div class=\"\">\r\n\t\t<input    type=\"text\" data-field=\"fld_2842819\" class=\" form-control\" id=\"fld_2842819_1\" name=\"fld_2842819\" value=\"\" data-type=\"text\"   aria-labelledby=\"fld_2842819Label\" >\t\t\t<\/div>\r\n<\/div>\r\n<\/div><div  class=\"col-sm-2  last_col\">\n<div data-field-wrapper=\"fld_2549192\" class=\"form-group\" id=\"fld_2549192_1-wrap\">\r\n\t<label id=\"fld_2549192Label\" for=\"fld_2549192_1\" class=\"control-label\">Geburtsdatum<\/label>\r\n\t<div class=\"\">\r\n\t\t<input  type=\"text\" data-provide=\"cfdatepicker\" name=\"fld_2549192\" value=\"\" id=\"fld_2549192_1\" data-field=\"fld_2549192\" class=\"form-control cfdatepicker is-cfdatepicker\" data-date-format=\"yyyy-mm-dd\" data-date-start-view=\"decade\" data-date-language=\"de\"   aria-labelledby=\"fld_2549192Label\"   \/>\n\t\t\t<\/div>\r\n<\/div>\r\n<\/div><\/div><div id=\"CF5611585d209e7_1-row-5\"  class=\"row \"><div  class=\"col-sm-4  first_col\"><div data-field-wrapper=\"fld_1353359\" class=\"form-group\" id=\"fld_1353359_1-wrap\">\r\n\t<label id=\"fld_1353359Label\" for=\"fld_1353359_1\" class=\"control-label\">Kind<\/label>\r\n\t<div class=\"\">\r\n\t\t<input    type=\"text\" data-field=\"fld_1353359\" class=\" form-control\" id=\"fld_1353359_1\" name=\"fld_1353359\" value=\"\" data-type=\"text\"   aria-labelledby=\"fld_1353359Label\" >\t\t\t<\/div>\r\n<\/div>\r\n<\/div><div  class=\"col-sm-2 \">\n<div data-field-wrapper=\"fld_7097260\" class=\"form-group\" id=\"fld_7097260_1-wrap\">\r\n\t<label id=\"fld_7097260Label\" for=\"fld_7097260_1\" class=\"control-label\">Geburtsdatum<\/label>\r\n\t<div class=\"\">\r\n\t\t<input  type=\"text\" data-provide=\"cfdatepicker\" name=\"fld_7097260\" value=\"\" id=\"fld_7097260_1\" data-field=\"fld_7097260\" class=\"form-control cfdatepicker is-cfdatepicker\" data-date-format=\"yyyy-mm-dd\" data-date-start-view=\"month\"   aria-labelledby=\"fld_7097260Label\"   \/>\n\t\t\t<\/div>\r\n<\/div>\r\n<\/div><div  class=\"col-sm-4 \"><div data-field-wrapper=\"fld_5310221\" class=\"form-group\" id=\"fld_5310221_1-wrap\">\r\n\t<label id=\"fld_5310221Label\" for=\"fld_5310221_1\" class=\"control-label\">Kind<\/label>\r\n\t<div class=\"\">\r\n\t\t<input    type=\"text\" data-field=\"fld_5310221\" class=\" form-control\" id=\"fld_5310221_1\" name=\"fld_5310221\" value=\"\" data-type=\"text\"   aria-labelledby=\"fld_5310221Label\" >\t\t\t<\/div>\r\n<\/div>\r\n<\/div><div  class=\"col-sm-2  last_col\">\n<div data-field-wrapper=\"fld_213246\" class=\"form-group\" id=\"fld_213246_1-wrap\">\r\n\t<label id=\"fld_213246Label\" for=\"fld_213246_1\" class=\"control-label\">Geburtsdatum<\/label>\r\n\t<div class=\"\">\r\n\t\t<input  type=\"text\" data-provide=\"cfdatepicker\" name=\"fld_213246\" value=\"\" id=\"fld_213246_1\" data-field=\"fld_213246\" class=\"form-control cfdatepicker is-cfdatepicker\" data-date-format=\"yyyy-mm-dd\" data-date-start-view=\"month\"   aria-labelledby=\"fld_213246Label\"   \/>\n\t\t\t<\/div>\r\n<\/div>\r\n<\/div><\/div><div id=\"CF5611585d209e7_1-row-6\"  class=\"row \"><div  class=\"col-sm-6  first_col\"><div data-field-wrapper=\"fld_8846258\" class=\"form-group\" id=\"fld_8846258_1-wrap\">\r\n\t<label id=\"fld_8846258Label\" for=\"fld_8846258_1\" class=\"control-label\">Adresse <span aria-hidden=\"true\" role=\"presentation\" class=\"field_required\" style=\"color:#ee0000;\">*<\/span><\/label>\r\n\t<div class=\"\">\r\n\t\t<input   required type=\"text\" data-field=\"fld_8846258\" class=\" form-control\" id=\"fld_8846258_1\" name=\"fld_8846258\" value=\"\" data-type=\"text\" aria-required=\"true\"   aria-labelledby=\"fld_8846258Label\" >\t\t\t<\/div>\r\n<\/div>\r\n<\/div><div  class=\"col-sm-3 \"><div data-field-wrapper=\"fld_702998\" class=\"form-group\" id=\"fld_702998_1-wrap\">\r\n\t<label id=\"fld_702998Label\" for=\"fld_702998_1\" class=\"control-label\">Postleitzahl <span aria-hidden=\"true\" role=\"presentation\" class=\"field_required\" style=\"color:#ee0000;\">*<\/span><\/label>\r\n\t<div class=\"\">\r\n\t\t<input   required type=\"text\" data-field=\"fld_702998\" class=\" form-control\" id=\"fld_702998_1\" name=\"fld_702998\" value=\"\" data-type=\"text\" aria-required=\"true\"   aria-labelledby=\"fld_702998Label\" >\t\t\t<\/div>\r\n<\/div>\r\n<\/div><div  class=\"col-sm-3  last_col\"><div data-field-wrapper=\"fld_5829777\" class=\"form-group\" id=\"fld_5829777_1-wrap\">\r\n\t<label id=\"fld_5829777Label\" for=\"fld_5829777_1\" class=\"control-label\">Ort <span aria-hidden=\"true\" role=\"presentation\" class=\"field_required\" style=\"color:#ee0000;\">*<\/span><\/label>\r\n\t<div class=\"\">\r\n\t\t<input   required type=\"text\" data-field=\"fld_5829777\" class=\" form-control\" id=\"fld_5829777_1\" name=\"fld_5829777\" value=\"\" data-type=\"text\" aria-required=\"true\"   aria-labelledby=\"fld_5829777Label\" >\t\t\t<\/div>\r\n<\/div>\r\n<\/div><\/div><div id=\"CF5611585d209e7_1-row-7\"  class=\"row \"><div  class=\"col-sm-6  first_col\"><div data-field-wrapper=\"fld_6250805\" class=\"form-group\" id=\"fld_6250805_1-wrap\">\r\n\t<label id=\"fld_6250805Label\" for=\"fld_6250805_1\" class=\"control-label\">Emailadresse <span aria-hidden=\"true\" role=\"presentation\" class=\"field_required\" style=\"color:#ee0000;\">*<\/span><\/label>\r\n\t<div class=\"\">\r\n\t\t<input   required type=\"email\" data-field=\"fld_6250805\" class=\" form-control\" id=\"fld_6250805_1\" name=\"fld_6250805\" value=\"\" data-type=\"email\" aria-required=\"true\"   aria-labelledby=\"fld_6250805Label\" >\t\t\t<\/div>\r\n<\/div>\r\n<\/div><div  class=\"col-sm-3 \"><div data-field-wrapper=\"fld_6506258\" class=\"form-group\" id=\"fld_6506258_1-wrap\">\r\n\t<label id=\"fld_6506258Label\" for=\"fld_6506258_1\" class=\"control-label\">Telefon<\/label>\r\n\t<div class=\"\">\r\n\t\t<input    type=\"text\" data-field=\"fld_6506258\" class=\" form-control\" id=\"fld_6506258_1\" name=\"fld_6506258\" value=\"\" data-type=\"text\"   aria-labelledby=\"fld_6506258Label\" >\t\t\t<\/div>\r\n<\/div>\r\n<\/div><div  class=\"col-sm-3  last_col\"><div data-field-wrapper=\"fld_527187\" class=\"form-group\" id=\"fld_527187_1-wrap\">\r\n\t<label id=\"fld_527187Label\" for=\"fld_527187_1\" class=\"control-label\">Handy<\/label>\r\n\t<div class=\"\">\r\n\t\t<input    type=\"text\" data-field=\"fld_527187\" class=\" form-control\" id=\"fld_527187_1\" name=\"fld_527187\" value=\"\" data-type=\"text\"   aria-labelledby=\"fld_527187Label\" >\t\t\t<\/div>\r\n<\/div>\r\n<\/div><\/div><div id=\"CF5611585d209e7_1-row-8\"  class=\"row \"><div  class=\"col-sm-12  single\"><div class=\"\"><p>Bitte den entsprechenden Jahresbeitrag ausw\u00e4hlen:<\/p>\n<\/div><div data-field-wrapper=\"fld_2821367\" class=\"form-group\" id=\"fld_2821367_1-wrap\">\r\n\t<label id=\"fld_2821367Label\" for=\"fld_2821367_1\" class=\"control-label\">Jahresbeitrag <span aria-hidden=\"true\" role=\"presentation\" class=\"field_required\" style=\"color:#ee0000;\">*<\/span><\/label>\r\n\t<div class=\"\">\r\n\t\t<select name=\"fld_2821367\" value=\"\" data-field=\"fld_2821367\" class=\"form-control\" id=\"fld_2821367_1\"  required=\"required\"  aria-labelledby=\"fld_2821367Label\" aria-describedby=\"fld_2821367Caption\" >\n\t\t<option value=\"\"><\/option>\r\n\t\t\t\t\t<option value=\"Familie (38 \u20ac)\"  data-calc-value=\"Familie (38 \u20ac)\" >\n\t\t\t\t\t\tFamilie (38 \u20ac)\t\t\t\t\t<\/option>\n\t\t\t\t\t\t\t\t\t\t<option value=\"Paar (31 \u20ac)\"  data-calc-value=\"Paar (31 \u20ac)\" >\n\t\t\t\t\t\tPaar (31 \u20ac)\t\t\t\t\t<\/option>\n\t\t\t\t\t\t\t\t\t\t<option value=\"Erwachsener (25 \u20ac)\"  data-calc-value=\"Erwachsener (25 \u20ac)\" >\n\t\t\t\t\t\tErwachsener (25 \u20ac)\t\t\t\t\t<\/option>\n\t\t\t\t\t\t\t\t\t\t<option value=\"Kind (bis 18 Jahre) (15 \u20ac)\"  data-calc-value=\"Kind (bis 18 Jahre) (15 \u20ac)\" >\n\t\t\t\t\t\tKind (bis 18 Jahre) (15 \u20ac)\t\t\t\t\t<\/option>\n\t\t\t\t\t\t\t<\/select>\n\t\t<span id=\"fld_2821367Caption\" class=\"help-block\">Jahresbeitrag<\/span>\r\n\t<\/div>\r\n<\/div>\r\n<\/div><\/div><div id=\"CF5611585d209e7_1-row-9\"  class=\"row \"><div  class=\"col-sm-12  single\"><div data-field-wrapper=\"fld_5482939\" class=\"form-group\" id=\"fld_5482939_1-wrap\">\r\n\t<label id=\"fld_5482939Label\" for=\"fld_5482939_1\" class=\"control-label\">Einzugserm\u00e4chtigung <span aria-hidden=\"true\" role=\"presentation\" class=\"field_required\" style=\"color:#ee0000;\">*<\/span><\/label>\r\n\t<div class=\"\">\r\n\t\t\t\t\t\t\t\t\t\t\t<div class=\"checkbox\">\n\t\t\t\t\n                <label                         for=\"fld_5482939_1_opt1490037\"\n                >\n                            <input\n                                data-parsley-required=\"true\" data-parsley-group=\"fld_5482939_1\" data-parsley-multiple=\"fld_5482939_1\"                                type=\"checkbox\"\n                                data-label=\"Ich erkl\u00e4re mich damit einverstanden, dass der Skiclub Rielasingen j\u00e4hrlich den aktuellen Jahresbeitrag von meinem unten angegebenen Konto abbucht.\"\n                                data-field=\"fld_5482939\"\n                                id=\"fld_5482939_1_opt1490037\"\n                                class=\"fld_5482939_1 option-required\"\n                                name=\"fld_5482939[opt1490037]\"\n                                value=\"Ich erkl\u00e4re mich damit einverstanden, dass der Skiclub Rielasingen j\u00e4hrlich den aktuellen Jahresbeitrag von meinem unten angegebenen Konto abbucht.\"\n                                                                data-type=\"checkbox\"\n                                data-checkbox-field=\"fld_5482939_1\"\n                                                                data-calc-value=\"Ich erkl\u00e4re mich damit einverstanden, dass der Skiclub Rielasingen j\u00e4hrlich den aktuellen Jahresbeitrag von meinem unten angegebenen Konto abbucht.\"\n                            >\n                    Ich erkl\u00e4re mich damit einverstanden, dass der Skiclub Rielasingen j\u00e4hrlich den aktuellen Jahresbeitrag von meinem unten angegebenen Konto abbucht.                <\/label>\n\n                \t\t\t\t\t<\/div>\n\t\t\t\t\t\t\t\t\t\t\t<\/div>\r\n<\/div>\r\n<\/div><\/div><div id=\"CF5611585d209e7_1-row-10\"  class=\"row \"><div  class=\"col-sm-12  single\"><div data-field-wrapper=\"fld_4098695\" class=\"form-group\" id=\"fld_4098695_1-wrap\">\r\n\t<label id=\"fld_4098695Label\" for=\"fld_4098695_1\" class=\"control-label\">Kontoinhaberin (falls abweichend von Antragstellerin)<\/label>\r\n\t<div class=\"\">\r\n\t\t<input    type=\"text\" data-field=\"fld_4098695\" class=\" form-control\" id=\"fld_4098695_1\" name=\"fld_4098695\" value=\"\" data-type=\"text\"   aria-labelledby=\"fld_4098695Label\" >\t\t\t<\/div>\r\n<\/div>\r\n<\/div><\/div><div id=\"CF5611585d209e7_1-row-11\"  class=\"row \"><div  class=\"col-sm-6  first_col\"><div data-field-wrapper=\"fld_8898890\" class=\"form-group\" id=\"fld_8898890_1-wrap\">\r\n\t<label id=\"fld_8898890Label\" for=\"fld_8898890_1\" class=\"control-label\">IBAN <span aria-hidden=\"true\" role=\"presentation\" class=\"field_required\" style=\"color:#ee0000;\">*<\/span><\/label>\r\n\t<div class=\"\">\r\n\t\t<input   required type=\"text\" data-field=\"fld_8898890\" class=\" form-control\" id=\"fld_8898890_1\" name=\"fld_8898890\" value=\"\" data-type=\"text\" aria-required=\"true\"   aria-labelledby=\"fld_8898890Label\" >\t\t\t<\/div>\r\n<\/div>\r\n<\/div><div  class=\"col-sm-3 \"><div data-field-wrapper=\"fld_1772856\" class=\"form-group\" id=\"fld_1772856_1-wrap\">\r\n\t<label id=\"fld_1772856Label\" for=\"fld_1772856_1\" class=\"control-label\">BIC <span aria-hidden=\"true\" role=\"presentation\" class=\"field_required\" style=\"color:#ee0000;\">*<\/span><\/label>\r\n\t<div class=\"\">\r\n\t\t<input   required type=\"text\" data-field=\"fld_1772856\" class=\" form-control\" id=\"fld_1772856_1\" name=\"fld_1772856\" value=\"\" data-type=\"text\" aria-required=\"true\"   aria-labelledby=\"fld_1772856Label\" >\t\t\t<\/div>\r\n<\/div>\r\n<\/div><div  class=\"col-sm-3  last_col\"><div data-field-wrapper=\"fld_5524726\" class=\"form-group\" id=\"fld_5524726_1-wrap\">\r\n\t<label id=\"fld_5524726Label\" for=\"fld_5524726_1\" class=\"control-label\">Bank<\/label>\r\n\t<div class=\"\">\r\n\t\t<input    type=\"text\" data-field=\"fld_5524726\" class=\" form-control\" id=\"fld_5524726_1\" name=\"fld_5524726\" value=\"\" data-type=\"text\"   aria-labelledby=\"fld_5524726Label\" >\t\t\t<\/div>\r\n<\/div>\r\n<\/div><\/div><div id=\"CF5611585d209e7_1-row-12\"  class=\"row  last_row\"><div  class=\"col-sm-12  single\"><div data-field-wrapper=\"fld_6905875\" class=\"form-group\" id=\"fld_6905875_1-wrap\">\r\n<div class=\"\">\r\n\t<input  class=\"btn btn-default\" type=\"submit\" name=\"fld_6905875\" id=\"fld_6905875_1\" value=\"Mitglied werden\" data-field=\"fld_6905875\"  >\n<\/div>\r\n<\/div>\r\n\t<input class=\"button_trigger_1\" type=\"hidden\" name=\"fld_6905875\" id=\"fld_6905875_1_btn\" value=\"\" data-field=\"fld_6905875\"  \/>\n<\/div><\/div><\/form>\r\n<\/div>\r\n<\/div><\/div><\/div><\/div>","protected":false},"excerpt":{"rendered":"<p>Werden Sie Mitglied und unterst\u00fctzen Sie uns aktiv bei unserem Engagement rund um den Ski- und Snowboardsport in unserer Gemeinde. Wir bieten j\u00e4hrlich Kurse f\u00fcr Anf\u00e4nger und alle weiteren K\u00f6nnerstufen an. Weiterhin begleiten und unterst\u00fctzen wir mit unseren Ski- und Snowboardlehrern die \u00f6rtliche Schulen bei Wintersporttagen oder Skiausfahrten, etc. und bei ausreichend Interessenten veranstalten wir&hellip;<\/p>\n","protected":false},"author":2,"featured_media":0,"parent":15,"menu_order":1,"comment_status":"closed","ping_status":"closed","template":"","meta":{"footnotes":""},"class_list":["post-112","page","type-page","status-publish","hentry"],"_links":{"self":[{"href":"https:\/\/skiclub-rielasingen.de\/wordpress_d\/index.php?rest_route=\/wp\/v2\/pages\/112","targetHints":{"allow":["GET"]}}],"collection":[{"href":"https:\/\/skiclub-rielasingen.de\/wordpress_d\/index.php?rest_route=\/wp\/v2\/pages"}],"about":[{"href":"https:\/\/skiclub-rielasingen.de\/wordpress_d\/index.php?rest_route=\/wp\/v2\/types\/page"}],"author":[{"embeddable":true,"href":"https:\/\/skiclub-rielasingen.de\/wordpress_d\/index.php?rest_route=\/wp\/v2\/users\/2"}],"replies":[{"embeddable":true,"href":"https:\/\/skiclub-rielasingen.de\/wordpress_d\/index.php?rest_route=%2Fwp%2Fv2%2Fcomments&post=112"}],"version-history":[{"count":8,"href":"https:\/\/skiclub-rielasingen.de\/wordpress_d\/index.php?rest_route=\/wp\/v2\/pages\/112\/revisions"}],"predecessor-version":[{"id":326,"href":"https:\/\/skiclub-rielasingen.de\/wordpress_d\/index.php?rest_route=\/wp\/v2\/pages\/112\/revisions\/326"}],"up":[{"embeddable":true,"href":"https:\/\/skiclub-rielasingen.de\/wordpress_d\/index.php?rest_route=\/wp\/v2\/pages\/15"}],"wp:attachment":[{"href":"https:\/\/skiclub-rielasingen.de\/wordpress_d\/index.php?rest_route=%2Fwp%2Fv2%2Fmedia&parent=112"}],"curies":[{"name":"wp","href":"https:\/\/api.w.org\/{rel}","templated":true}]}}